{"id":568,"date":"2025-07-03T23:48:03","date_gmt":"2025-07-03T21:48:03","guid":{"rendered":"https:\/\/arpeoptica.com\/aviso-legal\/"},"modified":"2025-07-29T08:06:22","modified_gmt":"2025-07-29T06:06:22","slug":"aviso-legal","status":"publish","type":"page","link":"https:\/\/arpeoptica.com\/es\/aviso-legal\/","title":{"rendered":"Aviso Legal"},"content":{"rendered":"<p>[et_pb_section fb_built=\u00bb1&#8243; _builder_version=\u00bb4.27.4&#8243; _module_preset=\u00bbdefault\u00bb global_colors_info=\u00bb{}\u00bb][et_pb_row _builder_version=\u00bb4.27.4&#8243; _module_preset=\u00bbdefault\u00bb global_colors_info=\u00bb{}\u00bb][et_pb_column type=\u00bb4_4&#8243; _builder_version=\u00bb4.27.4&#8243; _module_preset=\u00bbdefault\u00bb global_colors_info=\u00bb{}\u00bb][et_pb_text _builder_version=\u00bb4.27.4&#8243; _module_preset=\u00bbdefault\u00bb hover_enabled=\u00bb0&#8243; global_colors_info=\u00bb{}\u00bb sticky_enabled=\u00bb0&#8243;]<\/p>\n<div id=\"main-content\" class=\"accssme-widget-content\">\n<article id=\"post-739\" class=\"post-739 page type-page status-publish hentry accssme-widget-content\">\n<div class=\"entry-content accssme-widget-content\">\n<div class=\"et-l et-l--post accssme-widget-content\">\n<div class=\"et_builder_inner_content et_pb_gutters3 accssme-widget-content\">\n<div class=\"et_pb_section et_pb_section_0 et_pb_with_background et_section_regular accssme-widget-content\">\n<div class=\"et_pb_row et_pb_row_0 accssme-widget-content\">\n<div class=\"et_pb_column et_pb_column_4_4 et_pb_column_0 et_pb_css_mix_blend_mode_passthrough et-last-child accssme-widget-content\">\n<div id=\"tratamientos\" class=\"et_pb_module et_pb_text et_pb_text_0 et_pb_text_align_center et_pb_bg_layout_light et_had_animation accssme-widget-content\">\n<div class=\"et_pb_text_inner accssme-widget-content\">\n<h2 class=\"accssme-widget-titles\">Aviso Legal<\/h2>\n<\/div>\n<\/div>\n<\/div>\n<\/div>\n<div class=\"et_pb_row et_pb_row_1 accssme-widget-content\">\n<div class=\"et_pb_column et_pb_column_4_4 et_pb_column_1 et_pb_css_mix_blend_mode_passthrough et-last-child accssme-widget-content\">\n<div id=\"tratamientos\" class=\"et_pb_module et_pb_text et_pb_text_1 et_pb_text_align_left et_pb_bg_layout_light et_had_animation accssme-widget-content\">\n<div class=\"et_pb_text_inner accssme-widget-content\">\n<p>En cumplimiento con lo dispuesto en el art\u00edculo 10 de la Ley 34\/2002, de 11 de julio, de Servicios de la Sociedad de la Informaci\u00f3n y del Comercio Electr\u00f3nico, se informa que el sitio web https:\/\/arpeoptica.com es titularidad de:<\/p>\n<p>Titular: Natalia Nadia Peir\u00f3 Llorca <br \/>Nombre comercial: Arpe \u00d3ptica <br \/>NIF: 20022314-D <br \/>Domicilio: Calle Gabriel Ciscar, 58 \u2013 46780 Oliva (Valencia) <br \/>Tel\u00e9fono: 630 874 681 <br \/>Correo electr\u00f3nico: info@arpeoptica.com<\/p>\n<p><strong>PROPIEDAD INTELECTUAL E INDUSTRIAL <\/strong><br \/>El dise\u00f1o de este sitio web, su c\u00f3digo fuente, as\u00ed como los logotipos, marcas y dem\u00e1s signos distintivos que aparecen en el mismo son propiedad de Arpe \u00d3ptica y est\u00e1n protegidos por los correspondientes derechos de propiedad intelectual e industrial.<\/p>\n<p><strong>RESPONSABILIDAD DE LOS CONTENIDOS <\/strong><br \/>Arpe \u00d3ptica no se hace responsable de la legalidad de otros sitios web de terceros desde los que pueda accederse a este portal, ni de los contenidos de p\u00e1ginas externas que pudieran estar enlazadas desde esta web.<\/p>\n<p>Arpe \u00d3ptica se reserva el derecho a modificar, actualizar o eliminar los contenidos del sitio web sin necesidad de previo aviso, con el fin de mantener la informaci\u00f3n actualizada o adaptarla a posibles cambios legales o t\u00e9cnicos.<\/p>\n<p>El uso que terceros puedan hacer de la informaci\u00f3n publicada en este portal ser\u00e1 responsabilidad exclusiva del usuario. Arpe \u00d3ptica no ser\u00e1 responsable de los da\u00f1os o perjuicios que puedan derivarse del uso de dicha informaci\u00f3n, ya sea de forma directa o indirecta.<\/p>\n<p><strong>REPRODUCCI\u00d3N DE CONTENIDOS <\/strong><br \/>Se proh\u00edbe la reproducci\u00f3n total o parcial de los contenidos de este sitio web sin la autorizaci\u00f3n expresa y por escrito de Arpe \u00d3ptica.<\/p>\n<p><strong>PROTECCI\u00d3N DE DATOS PERSONALES <\/strong><br \/>Arpe \u00d3ptica cumple con lo establecido en el Reglamento (UE) 2016\/679 del Parlamento Europeo y del Consejo (Reglamento General de Protecci\u00f3n de Datos &#8211; RGPD), as\u00ed como en la Ley Org\u00e1nica 3\/2018, de Protecci\u00f3n de Datos Personales y garant\u00eda de los derechos digitales (LOPDGDD).<\/p>\n<p>Los datos personales que puedan recabarse a trav\u00e9s de este sitio web ser\u00e1n tratados con la finalidad de gestionar las consultas realizadas, mantener el contacto con los usuarios, o prestar los servicios solicitados.<\/p>\n<p>Los usuarios pueden ejercer sus derechos de acceso, rectificaci\u00f3n, supresi\u00f3n, oposici\u00f3n, limitaci\u00f3n del tratamiento, portabilidad y a no ser objeto de decisiones automatizadas, mediante el env\u00edo de una solicitud por escrito, acompa\u00f1ada de copia de su documento de identidad, a trav\u00e9s de:<\/p>\n<p>&#8211; Correo electr\u00f3nico: info@arpeoptica.com <br \/>&#8211; Direcci\u00f3n postal: Calle Gabriel Ciscar, 58 \u2013 46780 Oliva (Valencia)<\/p>\n<p>Para m\u00e1s informaci\u00f3n sobre c\u00f3mo tratamos tus datos, puedes consultar nuestra\u00a0 <a class=\"accssme-widget-links accssme-widget-text\" href=\"https:\/\/arpeoptica.com\/es\/politica-privacidad\/\">Pol\u00edtica de Privacidad<\/a><\/p>\n<\/div>\n<\/div>\n<\/div>\n<\/div>\n<\/div>\n<\/div>\n<\/div>\n<\/div>\n<\/article>\n<\/div>\n<p>[\/et_pb_text][\/et_pb_column][\/et_pb_row][\/et_pb_section]<\/p>\n","protected":false},"excerpt":{"rendered":"<p>Aviso Legal En cumplimiento con lo dispuesto en el art\u00edculo 10 de la Ley 34\/2002, de 11 de julio, de Servicios de la Sociedad de la Informaci\u00f3n y del Comercio Electr\u00f3nico, se informa que el sitio web https:\/\/arpeoptica.com es titularidad de: Titular: Natalia Nadia Peir\u00f3 Llorca Nombre comercial: Arpe \u00d3ptica NIF: 20022314-D Domicilio: Calle Gabriel Ciscar, 58 \u2013 46780 Oliva (Valencia) Tel\u00e9fono: 630 874 681 Correo electr\u00f3nico: info@arpeoptica.com PROPIEDAD INTELECTUAL E INDUSTRIAL El dise\u00f1o de este sitio web, su c\u00f3digo fuente, as\u00ed como los logotipos, marcas y dem\u00e1s signos distintivos que aparecen en el mismo son propiedad de Arpe \u00d3ptica y est\u00e1n protegidos por los correspondientes derechos de propiedad intelectual e industrial. RESPONSABILIDAD DE LOS CONTENIDOS Arpe \u00d3ptica no se hace responsable de la legalidad de otros sitios web de terceros desde los que pueda accederse a este portal, ni de los contenidos de p\u00e1ginas externas que pudieran estar enlazadas desde esta web. Arpe \u00d3ptica se reserva el derecho a modificar, actualizar o eliminar los contenidos del sitio web sin necesidad de previo aviso, con el fin de mantener la informaci\u00f3n actualizada o adaptarla a posibles cambios legales o t\u00e9cnicos. El uso que terceros puedan hacer de la informaci\u00f3n publicada [&hellip;]<\/p>\n","protected":false},"author":1,"featured_media":0,"parent":0,"menu_order":0,"comment_status":"closed","ping_status":"closed","template":"","meta":{"_et_pb_use_builder":"on","_et_pb_old_content":"","_et_gb_content_width":"","_joinchat":[],"footnotes":""},"class_list":["post-568","page","type-page","status-publish","hentry"],"yoast_head":"<!-- This site is optimized with the Yoast SEO plugin v27.5 - https:\/\/yoast.com\/product\/yoast-seo-wordpress\/ -->\n<title>Aviso Legal - Arpe \u00d3ptica<\/title>\n<meta name=\"robots\" content=\"index, follow, max-snippet:-1, max-image-preview:large, max-video-preview:-1\" \/>\n<link rel=\"canonical\" href=\"https:\/\/arpeoptica.com\/es\/aviso-legal\/\" \/>\n<meta property=\"og:locale\" content=\"es_ES\" \/>\n<meta property=\"og:type\" content=\"article\" \/>\n<meta property=\"og:title\" content=\"Aviso Legal - Arpe \u00d3ptica\" \/>\n<meta property=\"og:description\" content=\"Aviso Legal En cumplimiento con lo dispuesto en el art\u00edculo 10 de la Ley 34\/2002, de 11 de julio, de Servicios de la Sociedad de la Informaci\u00f3n y del Comercio Electr\u00f3nico, se informa que el sitio web https:\/\/arpeoptica.com es titularidad de: Titular: Natalia Nadia Peir\u00f3 Llorca Nombre comercial: Arpe \u00d3ptica NIF: 20022314-D Domicilio: Calle Gabriel Ciscar, 58 \u2013 46780 Oliva (Valencia) Tel\u00e9fono: 630 874 681 Correo electr\u00f3nico: info@arpeoptica.com PROPIEDAD INTELECTUAL E INDUSTRIAL El dise\u00f1o de este sitio web, su c\u00f3digo fuente, as\u00ed como los logotipos, marcas y dem\u00e1s signos distintivos que aparecen en el mismo son propiedad de Arpe \u00d3ptica y est\u00e1n protegidos por los correspondientes derechos de propiedad intelectual e industrial. RESPONSABILIDAD DE LOS CONTENIDOS Arpe \u00d3ptica no se hace responsable de la legalidad de otros sitios web de terceros desde los que pueda accederse a este portal, ni de los contenidos de p\u00e1ginas externas que pudieran estar enlazadas desde esta web. Arpe \u00d3ptica se reserva el derecho a modificar, actualizar o eliminar los contenidos del sitio web sin necesidad de previo aviso, con el fin de mantener la informaci\u00f3n actualizada o adaptarla a posibles cambios legales o t\u00e9cnicos. El uso que terceros puedan hacer de la informaci\u00f3n publicada [&hellip;]\" \/>\n<meta property=\"og:url\" content=\"https:\/\/arpeoptica.com\/es\/aviso-legal\/\" \/>\n<meta property=\"og:site_name\" content=\"Arpe \u00d3ptica\" \/>\n<meta property=\"article:modified_time\" content=\"2025-07-29T06:06:22+00:00\" \/>\n<meta name=\"twitter:card\" content=\"summary_large_image\" \/>\n<meta name=\"twitter:label1\" content=\"Tiempo de lectura\" \/>\n\t<meta name=\"twitter:data1\" content=\"3 minutos\" \/>\n<script type=\"application\/ld+json\" class=\"yoast-schema-graph\">{\"@context\":\"https:\\\/\\\/schema.org\",\"@graph\":[{\"@type\":\"WebPage\",\"@id\":\"https:\\\/\\\/arpeoptica.com\\\/es\\\/aviso-legal\\\/\",\"url\":\"https:\\\/\\\/arpeoptica.com\\\/es\\\/aviso-legal\\\/\",\"name\":\"Aviso Legal - Arpe \u00d3ptica\",\"isPartOf\":{\"@id\":\"https:\\\/\\\/arpeoptica.com\\\/es\\\/#website\"},\"datePublished\":\"2025-07-03T21:48:03+00:00\",\"dateModified\":\"2025-07-29T06:06:22+00:00\",\"breadcrumb\":{\"@id\":\"https:\\\/\\\/arpeoptica.com\\\/es\\\/aviso-legal\\\/#breadcrumb\"},\"inLanguage\":\"es\",\"potentialAction\":[{\"@type\":\"ReadAction\",\"target\":[\"https:\\\/\\\/arpeoptica.com\\\/es\\\/aviso-legal\\\/\"]}]},{\"@type\":\"BreadcrumbList\",\"@id\":\"https:\\\/\\\/arpeoptica.com\\\/es\\\/aviso-legal\\\/#breadcrumb\",\"itemListElement\":[{\"@type\":\"ListItem\",\"position\":1,\"name\":\"Portada\",\"item\":\"https:\\\/\\\/arpeoptica.com\\\/es\\\/\"},{\"@type\":\"ListItem\",\"position\":2,\"name\":\"Aviso Legal\"}]},{\"@type\":\"WebSite\",\"@id\":\"https:\\\/\\\/arpeoptica.com\\\/es\\\/#website\",\"url\":\"https:\\\/\\\/arpeoptica.com\\\/es\\\/\",\"name\":\"Arpe \u00d3ptica\",\"description\":\"Tu \u00f3ptica de confianza en Oliva, Valencia\",\"potentialAction\":[{\"@type\":\"SearchAction\",\"target\":{\"@type\":\"EntryPoint\",\"urlTemplate\":\"https:\\\/\\\/arpeoptica.com\\\/es\\\/?s={search_term_string}\"},\"query-input\":{\"@type\":\"PropertyValueSpecification\",\"valueRequired\":true,\"valueName\":\"search_term_string\"}}],\"inLanguage\":\"es\"}]}<\/script>\n<!-- \/ Yoast SEO plugin. -->","yoast_head_json":{"title":"Aviso Legal - Arpe \u00d3ptica","robots":{"index":"index","follow":"follow","max-snippet":"max-snippet:-1","max-image-preview":"max-image-preview:large","max-video-preview":"max-video-preview:-1"},"canonical":"https:\/\/arpeoptica.com\/es\/aviso-legal\/","og_locale":"es_ES","og_type":"article","og_title":"Aviso Legal - Arpe \u00d3ptica","og_description":"Aviso Legal En cumplimiento con lo dispuesto en el art\u00edculo 10 de la Ley 34\/2002, de 11 de julio, de Servicios de la Sociedad de la Informaci\u00f3n y del Comercio Electr\u00f3nico, se informa que el sitio web https:\/\/arpeoptica.com es titularidad de: Titular: Natalia Nadia Peir\u00f3 Llorca Nombre comercial: Arpe \u00d3ptica NIF: 20022314-D Domicilio: Calle Gabriel Ciscar, 58 \u2013 46780 Oliva (Valencia) Tel\u00e9fono: 630 874 681 Correo electr\u00f3nico: info@arpeoptica.com PROPIEDAD INTELECTUAL E INDUSTRIAL El dise\u00f1o de este sitio web, su c\u00f3digo fuente, as\u00ed como los logotipos, marcas y dem\u00e1s signos distintivos que aparecen en el mismo son propiedad de Arpe \u00d3ptica y est\u00e1n protegidos por los correspondientes derechos de propiedad intelectual e industrial. RESPONSABILIDAD DE LOS CONTENIDOS Arpe \u00d3ptica no se hace responsable de la legalidad de otros sitios web de terceros desde los que pueda accederse a este portal, ni de los contenidos de p\u00e1ginas externas que pudieran estar enlazadas desde esta web. Arpe \u00d3ptica se reserva el derecho a modificar, actualizar o eliminar los contenidos del sitio web sin necesidad de previo aviso, con el fin de mantener la informaci\u00f3n actualizada o adaptarla a posibles cambios legales o t\u00e9cnicos. El uso que terceros puedan hacer de la informaci\u00f3n publicada [&hellip;]","og_url":"https:\/\/arpeoptica.com\/es\/aviso-legal\/","og_site_name":"Arpe \u00d3ptica","article_modified_time":"2025-07-29T06:06:22+00:00","twitter_card":"summary_large_image","twitter_misc":{"Tiempo de lectura":"3 minutos"},"schema":{"@context":"https:\/\/schema.org","@graph":[{"@type":"WebPage","@id":"https:\/\/arpeoptica.com\/es\/aviso-legal\/","url":"https:\/\/arpeoptica.com\/es\/aviso-legal\/","name":"Aviso Legal - Arpe \u00d3ptica","isPartOf":{"@id":"https:\/\/arpeoptica.com\/es\/#website"},"datePublished":"2025-07-03T21:48:03+00:00","dateModified":"2025-07-29T06:06:22+00:00","breadcrumb":{"@id":"https:\/\/arpeoptica.com\/es\/aviso-legal\/#breadcrumb"},"inLanguage":"es","potentialAction":[{"@type":"ReadAction","target":["https:\/\/arpeoptica.com\/es\/aviso-legal\/"]}]},{"@type":"BreadcrumbList","@id":"https:\/\/arpeoptica.com\/es\/aviso-legal\/#breadcrumb","itemListElement":[{"@type":"ListItem","position":1,"name":"Portada","item":"https:\/\/arpeoptica.com\/es\/"},{"@type":"ListItem","position":2,"name":"Aviso Legal"}]},{"@type":"WebSite","@id":"https:\/\/arpeoptica.com\/es\/#website","url":"https:\/\/arpeoptica.com\/es\/","name":"Arpe \u00d3ptica","description":"Tu \u00f3ptica de confianza en Oliva, Valencia","potentialAction":[{"@type":"SearchAction","target":{"@type":"EntryPoint","urlTemplate":"https:\/\/arpeoptica.com\/es\/?s={search_term_string}"},"query-input":{"@type":"PropertyValueSpecification","valueRequired":true,"valueName":"search_term_string"}}],"inLanguage":"es"}]}},"_links":{"self":[{"href":"https:\/\/arpeoptica.com\/es\/wp-json\/wp\/v2\/pages\/568","targetHints":{"allow":["GET"]}}],"collection":[{"href":"https:\/\/arpeoptica.com\/es\/wp-json\/wp\/v2\/pages"}],"about":[{"href":"https:\/\/arpeoptica.com\/es\/wp-json\/wp\/v2\/types\/page"}],"author":[{"embeddable":true,"href":"https:\/\/arpeoptica.com\/es\/wp-json\/wp\/v2\/users\/1"}],"replies":[{"embeddable":true,"href":"https:\/\/arpeoptica.com\/es\/wp-json\/wp\/v2\/comments?post=568"}],"version-history":[{"count":1,"href":"https:\/\/arpeoptica.com\/es\/wp-json\/wp\/v2\/pages\/568\/revisions"}],"predecessor-version":[{"id":830,"href":"https:\/\/arpeoptica.com\/es\/wp-json\/wp\/v2\/pages\/568\/revisions\/830"}],"wp:attachment":[{"href":"https:\/\/arpeoptica.com\/es\/wp-json\/wp\/v2\/media?parent=568"}],"curies":[{"name":"wp","href":"https:\/\/api.w.org\/{rel}","templated":true}]}}