{"id":587,"date":"2025-07-03T23:50:01","date_gmt":"2025-07-03T21:50:01","guid":{"rendered":"https:\/\/arpeoptica.com\/politica-de-cookies\/"},"modified":"2026-02-06T10:05:47","modified_gmt":"2026-02-06T09:05:47","slug":"politica-de-cookies","status":"publish","type":"page","link":"https:\/\/arpeoptica.com\/es\/politica-de-cookies\/","title":{"rendered":"Pol\u00edtica de cookies"},"content":{"rendered":"<p>[et_pb_section fb_built=\u00bb1&#8243; _builder_version=\u00bb4.27.4&#8243; _module_preset=\u00bbdefault\u00bb global_colors_info=\u00bb{}\u00bb][et_pb_row _builder_version=\u00bb4.27.4&#8243; _module_preset=\u00bbdefault\u00bb global_colors_info=\u00bb{}\u00bb][et_pb_column type=\u00bb4_4&#8243; _builder_version=\u00bb4.27.4&#8243; _module_preset=\u00bbdefault\u00bb global_colors_info=\u00bb{}\u00bb][et_pb_text _builder_version=\u00bb4.27.4&#8243; _module_preset=\u00bbdefault\u00bb hover_enabled=\u00bb0&#8243; global_colors_info=\u00bb{}\u00bb sticky_enabled=\u00bb0&#8243;]<\/p>\n<div class=\"et_pb_row et_pb_row_0 accssme-widget-content\">\n<div class=\"et_pb_column et_pb_column_4_4 et_pb_column_0 et_pb_css_mix_blend_mode_passthrough et-last-child accssme-widget-content\">\n<div id=\"tratamientos\" class=\"et_pb_module et_pb_text et_pb_text_0 et_pb_text_align_center et_pb_bg_layout_light et_had_animation accssme-widget-content\">\n<div class=\"et_pb_text_inner accssme-widget-content\">\n<h2 class=\"accssme-widget-titles\">Pol\u00edtica de Cookies<\/h2>\n<\/div>\n<\/div>\n<\/div>\n<\/div>\n<div class=\"et_pb_row et_pb_row_1 accssme-widget-content\">\n<div class=\"et_pb_column et_pb_column_4_4 et_pb_column_1 et_pb_css_mix_blend_mode_passthrough et-last-child accssme-widget-content\">\n<div id=\"tratamientos\" class=\"et_pb_module et_pb_text et_pb_text_1 et_pb_text_align_left et_pb_bg_layout_light et_had_animation accssme-widget-content\">\n<div class=\"et_pb_text_inner accssme-widget-content\">\n<p data-start=\"4659\" data-end=\"4922\">En <strong data-start=\"4662\" data-end=\"4680\">arpeoptica.com<\/strong> utilizamos cookies y tecnolog\u00edas similares para garantizar el correcto funcionamiento del sitio web y, \u00fanicamente si el usuario lo consiente, obtener estad\u00edsticas de uso y medici\u00f3n de acciones publicitarias mediante herramientas de terceros.<\/p>\n<h2 data-start=\"4924\" data-end=\"4951\">1. \u00bfQu\u00e9 son las cookies?<\/h2>\n<p data-start=\"4952\" data-end=\"5202\">Las cookies son peque\u00f1os archivos que se descargan en el dispositivo del usuario al acceder a determinadas p\u00e1ginas web. Permiten almacenar y recuperar informaci\u00f3n sobre la navegaci\u00f3n con el fin de mejorar la experiencia y el funcionamiento del sitio.<\/p>\n<h2 data-start=\"5204\" data-end=\"5241\">2. Tipos de cookies que utilizamos<\/h2>\n<p data-start=\"5242\" data-end=\"5309\">En este sitio web se utilizan las siguientes categor\u00edas de cookies:<\/p>\n<h3 data-start=\"5311\" data-end=\"5361\">a) Cookies estrictamente necesarias (t\u00e9cnicas)<\/h3>\n<p data-start=\"5362\" data-end=\"5459\">Son esenciales para el funcionamiento del sitio web y no requieren el consentimiento del usuario.<\/p>\n<h3 data-start=\"5461\" data-end=\"5499\">b) Cookies de anal\u00edtica (terceros)<\/h3>\n<p data-start=\"5500\" data-end=\"5627\">Solo se instalan si el usuario las acepta expresamente. Permiten obtener estad\u00edsticas an\u00f3nimas mediante <strong data-start=\"5604\" data-end=\"5626\">Google Analytics 4<\/strong>.<\/p>\n<h3 data-start=\"5629\" data-end=\"5668\">c) Cookies de publicidad \/ medici\u00f3n<\/h3>\n<p data-start=\"5669\" data-end=\"5803\">Solo se instalan con el consentimiento del usuario. Permiten medir la eficacia de campa\u00f1as publicitarias mediante servicios de Google.<\/p>\n<h3 data-start=\"5805\" data-end=\"5838\">d) Cookies de personalizaci\u00f3n<\/h3>\n<p data-start=\"5839\" data-end=\"5908\">Permiten recordar preferencias b\u00e1sicas, como el idioma del sitio web.<\/p>\n<h3 data-start=\"5910\" data-end=\"5970\">e) Cookies del \u00e1rea privada (solo usuarios autenticados)<\/h3>\n<p data-start=\"5971\" data-end=\"6190\">Si el usuario accede al \u00e1rea de administraci\u00f3n del sitio web, WordPress puede generar cookies adicionales para gestionar la sesi\u00f3n y preferencias del panel. Estas cookies <strong data-start=\"6142\" data-end=\"6189\">no se instalan durante la navegaci\u00f3n normal<\/strong>.<\/p>\n<h2 data-start=\"6192\" data-end=\"6234\">3. Cookies utilizadas en este sitio web<\/h2>\n<h3 data-start=\"6236\" data-end=\"6273\">3.1 Cookies t\u00e9cnicas \/ necesarias<\/h3>\n<ul data-start=\"6274\" data-end=\"6682\">\n<li data-start=\"6274\" data-end=\"6435\">\n<p data-start=\"6276\" data-end=\"6435\"><strong data-start=\"6276\" data-end=\"6296\">moove_gdpr_popup<\/strong><br data-start=\"6296\" data-end=\"6299\" \/>Finalidad: almacenar las preferencias de consentimiento de cookies.<br data-start=\"6368\" data-end=\"6371\" \/>Duraci\u00f3n: persistente (hasta 2 a\u00f1os aprox.).<br data-start=\"6417\" data-end=\"6420\" \/>Tipo: propia.<\/p>\n<\/li>\n<li data-start=\"6437\" data-end=\"6561\">\n<p data-start=\"6439\" data-end=\"6561\"><strong data-start=\"6439\" data-end=\"6464\">wordpress_test_cookie<\/strong><br data-start=\"6464\" data-end=\"6467\" \/>Finalidad: comprobar si el navegador acepta cookies.<br data-start=\"6521\" data-end=\"6524\" \/>Duraci\u00f3n: sesi\u00f3n.<br data-start=\"6543\" data-end=\"6546\" \/>Tipo: propia.<\/p>\n<\/li>\n<li data-start=\"6563\" data-end=\"6682\">\n<p data-start=\"6565\" data-end=\"6682\"><strong data-start=\"6565\" data-end=\"6593\">wp-wpml_current_language<\/strong><br data-start=\"6593\" data-end=\"6596\" \/>Finalidad: recordar el idioma del sitio web.<br data-start=\"6642\" data-end=\"6645\" \/>Duraci\u00f3n: sesi\u00f3n.<br data-start=\"6664\" data-end=\"6667\" \/>Tipo: propia.<\/p>\n<\/li>\n<\/ul>\n<h3 data-start=\"6684\" data-end=\"6759\">3.2 Cookies de anal\u00edtica (Google Analytics 4) \u2013 solo con consentimiento<\/h3>\n<ul data-start=\"6760\" data-end=\"7081\">\n<li data-start=\"6760\" data-end=\"6918\">\n<p data-start=\"6762\" data-end=\"6918\"><strong data-start=\"6762\" data-end=\"6769\">_ga<\/strong><br data-start=\"6769\" data-end=\"6772\" \/>Finalidad: distinguir usuarios mediante un identificador an\u00f3nimo para estad\u00edsticas de uso.<br data-start=\"6864\" data-end=\"6867\" \/>Duraci\u00f3n: 2 a\u00f1os.<br data-start=\"6886\" data-end=\"6889\" \/>Tipo: de terceros (Google).<\/p>\n<\/li>\n<li data-start=\"6920\" data-end=\"7081\">\n<p data-start=\"6922\" data-end=\"7081\"><strong data-start=\"6922\" data-end=\"6940\">_ga_XEX0J0PWL8<\/strong><br data-start=\"6940\" data-end=\"6943\" \/>Finalidad: mantener el estado de la sesi\u00f3n y recopilar datos anal\u00edticos avanzados.<br data-start=\"7027\" data-end=\"7030\" \/>Duraci\u00f3n: 2 a\u00f1os.<br data-start=\"7049\" data-end=\"7052\" \/>Tipo: de terceros (Google).<\/p>\n<\/li>\n<\/ul>\n<h3 data-start=\"7083\" data-end=\"7149\">3.3 Cookies de publicidad \/ medici\u00f3n \u2013 solo con consentimiento<\/h3>\n<ul data-start=\"7150\" data-end=\"7306\">\n<li data-start=\"7150\" data-end=\"7306\">\n<p data-start=\"7152\" data-end=\"7306\"><strong data-start=\"7152\" data-end=\"7163\">_gcl_au<\/strong><br data-start=\"7163\" data-end=\"7166\" \/>Finalidad: medir la eficacia de campa\u00f1as publicitarias y conversiones (Google Ads).<br data-start=\"7251\" data-end=\"7254\" \/>Duraci\u00f3n: 3 meses.<br data-start=\"7274\" data-end=\"7277\" \/>Tipo: de terceros (Google).<\/p>\n<\/li>\n<\/ul>\n<h3 data-start=\"7308\" data-end=\"7369\">3.4 Cookies del \u00e1rea privada (solo usuarios autenticados)<\/h3>\n<ul data-start=\"7370\" data-end=\"7909\">\n<li data-start=\"7370\" data-end=\"7501\">\n<p data-start=\"7372\" data-end=\"7501\"><strong data-start=\"7372\" data-end=\"7402\">wordpress_logged_in_[hash]<\/strong><br data-start=\"7402\" data-end=\"7405\" \/>Finalidad: mantener la sesi\u00f3n del usuario autenticado.<br data-start=\"7461\" data-end=\"7464\" \/>Duraci\u00f3n: sesi\u00f3n.<br data-start=\"7483\" data-end=\"7486\" \/>Tipo: propia.<\/p>\n<\/li>\n<li data-start=\"7503\" data-end=\"7620\">\n<p data-start=\"7505\" data-end=\"7620\"><strong data-start=\"7505\" data-end=\"7529\">wordpress_sec_[hash]<\/strong><br data-start=\"7529\" data-end=\"7532\" \/>Finalidad: seguridad de la sesi\u00f3n autenticada.<br data-start=\"7580\" data-end=\"7583\" \/>Duraci\u00f3n: sesi\u00f3n.<br data-start=\"7602\" data-end=\"7605\" \/>Tipo: propia.<\/p>\n<\/li>\n<li data-start=\"7622\" data-end=\"7756\">\n<p data-start=\"7624\" data-end=\"7756\"><strong data-start=\"7624\" data-end=\"7646\">wp-settings-time-2<\/strong><br data-start=\"7646\" data-end=\"7649\" \/>Finalidad: guardar preferencias del panel de administraci\u00f3n.<br data-start=\"7711\" data-end=\"7714\" \/>Duraci\u00f3n: persistente.<br data-start=\"7738\" data-end=\"7741\" \/>Tipo: propia.<\/p>\n<\/li>\n<li data-start=\"7758\" data-end=\"7909\">\n<p data-start=\"7760\" data-end=\"7909\"><strong data-start=\"7760\" data-end=\"7801\">wp-wpml_current_admin_language_[hash]<\/strong><br data-start=\"7801\" data-end=\"7804\" \/>Finalidad: recordar el idioma del panel de administraci\u00f3n.<br data-start=\"7864\" data-end=\"7867\" \/>Duraci\u00f3n: persistente.<br data-start=\"7891\" data-end=\"7894\" \/>Tipo: propia.<\/p>\n<\/li>\n<\/ul>\n<h2 data-start=\"7911\" data-end=\"7943\">4. Gesti\u00f3n del consentimiento<\/h2>\n<p data-start=\"7944\" data-end=\"8091\">En el primer acceso al sitio web, el usuario puede <strong data-start=\"7995\" data-end=\"8029\">aceptar, rechazar o configurar<\/strong> las cookies no necesarias mediante el panel de configuraci\u00f3n.<\/p>\n<p data-start=\"8093\" data-end=\"8237\">El consentimiento puede modificarse o retirarse en cualquier momento desde el enlace de <strong data-start=\"8181\" data-end=\"8209\">Configuraci\u00f3n de cookies<\/strong> disponible en el sitio web.<\/p>\n<h2 data-start=\"8239\" data-end=\"8288\">5. Desactivaci\u00f3n de cookies desde el navegador<\/h2>\n<p data-start=\"8289\" data-end=\"8496\">El usuario puede permitir, bloquear o eliminar las cookies instaladas mediante la configuraci\u00f3n del navegador. La desactivaci\u00f3n de determinadas cookies puede afectar al correcto funcionamiento del sitio web.<\/p>\n<h2 data-start=\"8498\" data-end=\"8519\">6. M\u00e1s informaci\u00f3n<\/h2>\n<p data-start=\"8520\" data-end=\"8631\">Para m\u00e1s informaci\u00f3n sobre el tratamiento de datos personales, puede consultarse la <strong data-start=\"8604\" data-end=\"8630\">Pol\u00edtica de Privacidad<\/strong>.<\/p>\n<\/div>\n<\/div>\n<\/div>\n<\/div>\n<p>[\/et_pb_text][\/et_pb_column][\/et_pb_row][\/et_pb_section]<\/p>\n","protected":false},"excerpt":{"rendered":"<p>Pol\u00edtica de Cookies En arpeoptica.com utilizamos cookies y tecnolog\u00edas similares para garantizar el correcto funcionamiento del sitio web y, \u00fanicamente si el usuario lo consiente, obtener estad\u00edsticas de uso y medici\u00f3n de acciones publicitarias mediante herramientas de terceros. 1. \u00bfQu\u00e9 son las cookies? Las cookies son peque\u00f1os archivos que se descargan en el dispositivo del usuario al acceder a determinadas p\u00e1ginas web. Permiten almacenar y recuperar informaci\u00f3n sobre la navegaci\u00f3n con el fin de mejorar la experiencia y el funcionamiento del sitio. 2. Tipos de cookies que utilizamos En este sitio web se utilizan las siguientes categor\u00edas de cookies: a) Cookies estrictamente necesarias (t\u00e9cnicas) Son esenciales para el funcionamiento del sitio web y no requieren el consentimiento del usuario. b) Cookies de anal\u00edtica (terceros) Solo se instalan si el usuario las acepta expresamente. Permiten obtener estad\u00edsticas an\u00f3nimas mediante Google Analytics 4. c) Cookies de publicidad \/ medici\u00f3n Solo se instalan con el consentimiento del usuario. Permiten medir la eficacia de campa\u00f1as publicitarias mediante servicios de Google. d) Cookies de personalizaci\u00f3n Permiten recordar preferencias b\u00e1sicas, como el idioma del sitio web. e) Cookies del \u00e1rea privada (solo usuarios autenticados) Si el usuario accede al \u00e1rea de administraci\u00f3n del sitio web, WordPress [&hellip;]<\/p>\n","protected":false},"author":1,"featured_media":0,"parent":0,"menu_order":0,"comment_status":"closed","ping_status":"closed","template":"","meta":{"_et_pb_use_builder":"on","_et_pb_old_content":"","_et_gb_content_width":"","_joinchat":[],"footnotes":""},"class_list":["post-587","page","type-page","status-publish","hentry"],"yoast_head":"<!-- This site is optimized with the Yoast SEO plugin v27.5 - https:\/\/yoast.com\/product\/yoast-seo-wordpress\/ -->\n<title>Pol\u00edtica de cookies - Arpe \u00d3ptica<\/title>\n<meta name=\"robots\" content=\"index, follow, max-snippet:-1, max-image-preview:large, max-video-preview:-1\" \/>\n<link rel=\"canonical\" href=\"https:\/\/arpeoptica.com\/es\/politica-de-cookies\/\" \/>\n<meta property=\"og:locale\" content=\"es_ES\" \/>\n<meta property=\"og:type\" content=\"article\" \/>\n<meta property=\"og:title\" content=\"Pol\u00edtica de cookies - Arpe \u00d3ptica\" \/>\n<meta property=\"og:description\" content=\"Pol\u00edtica de Cookies En arpeoptica.com utilizamos cookies y tecnolog\u00edas similares para garantizar el correcto funcionamiento del sitio web y, \u00fanicamente si el usuario lo consiente, obtener estad\u00edsticas de uso y medici\u00f3n de acciones publicitarias mediante herramientas de terceros. 1. \u00bfQu\u00e9 son las cookies? Las cookies son peque\u00f1os archivos que se descargan en el dispositivo del usuario al acceder a determinadas p\u00e1ginas web. Permiten almacenar y recuperar informaci\u00f3n sobre la navegaci\u00f3n con el fin de mejorar la experiencia y el funcionamiento del sitio. 2. Tipos de cookies que utilizamos En este sitio web se utilizan las siguientes categor\u00edas de cookies: a) Cookies estrictamente necesarias (t\u00e9cnicas) Son esenciales para el funcionamiento del sitio web y no requieren el consentimiento del usuario. b) Cookies de anal\u00edtica (terceros) Solo se instalan si el usuario las acepta expresamente. Permiten obtener estad\u00edsticas an\u00f3nimas mediante Google Analytics 4. c) Cookies de publicidad \/ medici\u00f3n Solo se instalan con el consentimiento del usuario. Permiten medir la eficacia de campa\u00f1as publicitarias mediante servicios de Google. d) Cookies de personalizaci\u00f3n Permiten recordar preferencias b\u00e1sicas, como el idioma del sitio web. e) Cookies del \u00e1rea privada (solo usuarios autenticados) Si el usuario accede al \u00e1rea de administraci\u00f3n del sitio web, WordPress [&hellip;]\" \/>\n<meta property=\"og:url\" content=\"https:\/\/arpeoptica.com\/es\/politica-de-cookies\/\" \/>\n<meta property=\"og:site_name\" content=\"Arpe \u00d3ptica\" \/>\n<meta property=\"article:modified_time\" content=\"2026-02-06T09:05:47+00:00\" \/>\n<meta name=\"twitter:card\" content=\"summary_large_image\" \/>\n<meta name=\"twitter:label1\" content=\"Tiempo de lectura\" \/>\n\t<meta name=\"twitter:data1\" content=\"3 minutos\" \/>\n<script type=\"application\/ld+json\" class=\"yoast-schema-graph\">{\"@context\":\"https:\\\/\\\/schema.org\",\"@graph\":[{\"@type\":\"WebPage\",\"@id\":\"https:\\\/\\\/arpeoptica.com\\\/es\\\/politica-de-cookies\\\/\",\"url\":\"https:\\\/\\\/arpeoptica.com\\\/es\\\/politica-de-cookies\\\/\",\"name\":\"Pol\u00edtica de cookies - Arpe \u00d3ptica\",\"isPartOf\":{\"@id\":\"https:\\\/\\\/arpeoptica.com\\\/es\\\/#website\"},\"datePublished\":\"2025-07-03T21:50:01+00:00\",\"dateModified\":\"2026-02-06T09:05:47+00:00\",\"breadcrumb\":{\"@id\":\"https:\\\/\\\/arpeoptica.com\\\/es\\\/politica-de-cookies\\\/#breadcrumb\"},\"inLanguage\":\"es\",\"potentialAction\":[{\"@type\":\"ReadAction\",\"target\":[\"https:\\\/\\\/arpeoptica.com\\\/es\\\/politica-de-cookies\\\/\"]}]},{\"@type\":\"BreadcrumbList\",\"@id\":\"https:\\\/\\\/arpeoptica.com\\\/es\\\/politica-de-cookies\\\/#breadcrumb\",\"itemListElement\":[{\"@type\":\"ListItem\",\"position\":1,\"name\":\"Portada\",\"item\":\"https:\\\/\\\/arpeoptica.com\\\/es\\\/\"},{\"@type\":\"ListItem\",\"position\":2,\"name\":\"Pol\u00edtica de cookies\"}]},{\"@type\":\"WebSite\",\"@id\":\"https:\\\/\\\/arpeoptica.com\\\/es\\\/#website\",\"url\":\"https:\\\/\\\/arpeoptica.com\\\/es\\\/\",\"name\":\"Arpe \u00d3ptica\",\"description\":\"Tu \u00f3ptica de confianza en Oliva, Valencia\",\"potentialAction\":[{\"@type\":\"SearchAction\",\"target\":{\"@type\":\"EntryPoint\",\"urlTemplate\":\"https:\\\/\\\/arpeoptica.com\\\/es\\\/?s={search_term_string}\"},\"query-input\":{\"@type\":\"PropertyValueSpecification\",\"valueRequired\":true,\"valueName\":\"search_term_string\"}}],\"inLanguage\":\"es\"}]}<\/script>\n<!-- \/ Yoast SEO plugin. -->","yoast_head_json":{"title":"Pol\u00edtica de cookies - Arpe \u00d3ptica","robots":{"index":"index","follow":"follow","max-snippet":"max-snippet:-1","max-image-preview":"max-image-preview:large","max-video-preview":"max-video-preview:-1"},"canonical":"https:\/\/arpeoptica.com\/es\/politica-de-cookies\/","og_locale":"es_ES","og_type":"article","og_title":"Pol\u00edtica de cookies - Arpe \u00d3ptica","og_description":"Pol\u00edtica de Cookies En arpeoptica.com utilizamos cookies y tecnolog\u00edas similares para garantizar el correcto funcionamiento del sitio web y, \u00fanicamente si el usuario lo consiente, obtener estad\u00edsticas de uso y medici\u00f3n de acciones publicitarias mediante herramientas de terceros. 1. \u00bfQu\u00e9 son las cookies? Las cookies son peque\u00f1os archivos que se descargan en el dispositivo del usuario al acceder a determinadas p\u00e1ginas web. Permiten almacenar y recuperar informaci\u00f3n sobre la navegaci\u00f3n con el fin de mejorar la experiencia y el funcionamiento del sitio. 2. Tipos de cookies que utilizamos En este sitio web se utilizan las siguientes categor\u00edas de cookies: a) Cookies estrictamente necesarias (t\u00e9cnicas) Son esenciales para el funcionamiento del sitio web y no requieren el consentimiento del usuario. b) Cookies de anal\u00edtica (terceros) Solo se instalan si el usuario las acepta expresamente. Permiten obtener estad\u00edsticas an\u00f3nimas mediante Google Analytics 4. c) Cookies de publicidad \/ medici\u00f3n Solo se instalan con el consentimiento del usuario. Permiten medir la eficacia de campa\u00f1as publicitarias mediante servicios de Google. d) Cookies de personalizaci\u00f3n Permiten recordar preferencias b\u00e1sicas, como el idioma del sitio web. e) Cookies del \u00e1rea privada (solo usuarios autenticados) Si el usuario accede al \u00e1rea de administraci\u00f3n del sitio web, WordPress [&hellip;]","og_url":"https:\/\/arpeoptica.com\/es\/politica-de-cookies\/","og_site_name":"Arpe \u00d3ptica","article_modified_time":"2026-02-06T09:05:47+00:00","twitter_card":"summary_large_image","twitter_misc":{"Tiempo de lectura":"3 minutos"},"schema":{"@context":"https:\/\/schema.org","@graph":[{"@type":"WebPage","@id":"https:\/\/arpeoptica.com\/es\/politica-de-cookies\/","url":"https:\/\/arpeoptica.com\/es\/politica-de-cookies\/","name":"Pol\u00edtica de cookies - Arpe \u00d3ptica","isPartOf":{"@id":"https:\/\/arpeoptica.com\/es\/#website"},"datePublished":"2025-07-03T21:50:01+00:00","dateModified":"2026-02-06T09:05:47+00:00","breadcrumb":{"@id":"https:\/\/arpeoptica.com\/es\/politica-de-cookies\/#breadcrumb"},"inLanguage":"es","potentialAction":[{"@type":"ReadAction","target":["https:\/\/arpeoptica.com\/es\/politica-de-cookies\/"]}]},{"@type":"BreadcrumbList","@id":"https:\/\/arpeoptica.com\/es\/politica-de-cookies\/#breadcrumb","itemListElement":[{"@type":"ListItem","position":1,"name":"Portada","item":"https:\/\/arpeoptica.com\/es\/"},{"@type":"ListItem","position":2,"name":"Pol\u00edtica de cookies"}]},{"@type":"WebSite","@id":"https:\/\/arpeoptica.com\/es\/#website","url":"https:\/\/arpeoptica.com\/es\/","name":"Arpe \u00d3ptica","description":"Tu \u00f3ptica de confianza en Oliva, Valencia","potentialAction":[{"@type":"SearchAction","target":{"@type":"EntryPoint","urlTemplate":"https:\/\/arpeoptica.com\/es\/?s={search_term_string}"},"query-input":{"@type":"PropertyValueSpecification","valueRequired":true,"valueName":"search_term_string"}}],"inLanguage":"es"}]}},"_links":{"self":[{"href":"https:\/\/arpeoptica.com\/es\/wp-json\/wp\/v2\/pages\/587","targetHints":{"allow":["GET"]}}],"collection":[{"href":"https:\/\/arpeoptica.com\/es\/wp-json\/wp\/v2\/pages"}],"about":[{"href":"https:\/\/arpeoptica.com\/es\/wp-json\/wp\/v2\/types\/page"}],"author":[{"embeddable":true,"href":"https:\/\/arpeoptica.com\/es\/wp-json\/wp\/v2\/users\/1"}],"replies":[{"embeddable":true,"href":"https:\/\/arpeoptica.com\/es\/wp-json\/wp\/v2\/comments?post=587"}],"version-history":[{"count":4,"href":"https:\/\/arpeoptica.com\/es\/wp-json\/wp\/v2\/pages\/587\/revisions"}],"predecessor-version":[{"id":856,"href":"https:\/\/arpeoptica.com\/es\/wp-json\/wp\/v2\/pages\/587\/revisions\/856"}],"wp:attachment":[{"href":"https:\/\/arpeoptica.com\/es\/wp-json\/wp\/v2\/media?parent=587"}],"curies":[{"name":"wp","href":"https:\/\/api.w.org\/{rel}","templated":true}]}}