{"id":589,"date":"2025-02-17T08:17:52","date_gmt":"2025-02-17T07:17:52","guid":{"rendered":"https:\/\/arpeoptica.com\/politica-privacidad\/"},"modified":"2025-07-23T09:20:29","modified_gmt":"2025-07-23T07:20:29","slug":"politica-privacidad","status":"publish","type":"page","link":"https:\/\/arpeoptica.com\/es\/politica-privacidad\/","title":{"rendered":"Pol\u00edtica de Privacidad"},"content":{"rendered":"<p>[et_pb_section fb_built=\u00bb1&#8243; _builder_version=\u00bb4.16&#8243; global_colors_info=\u00bb{}\u00bb][et_pb_row _builder_version=\u00bb4.16&#8243; background_size=\u00bbinitial\u00bb background_position=\u00bbtop_left\u00bb background_repeat=\u00bbrepeat\u00bb global_colors_info=\u00bb{}\u00bb][et_pb_column type=\u00bb4_4&#8243; _builder_version=\u00bb4.16&#8243; custom_padding=\u00bb|||\u00bb global_colors_info=\u00bb{}\u00bb custom_padding__hover=\u00bb|||\u00bb][et_pb_text _builder_version=\u00bb4.16&#8243; background_size=\u00bbinitial\u00bb background_position=\u00bbtop_left\u00bb background_repeat=\u00bbrepeat\u00bb global_colors_info=\u00bb{}\u00bb]<\/p>\n<div id=\"main-content\" class=\"accssme-widget-content\">\n<article id=\"post-3\" class=\"post-3 page type-page status-publish hentry accssme-widget-content\">\n<div class=\"entry-content accssme-widget-content\">\n<div class=\"et-l et-l--post accssme-widget-content\">\n<div class=\"et_builder_inner_content et_pb_gutters3 accssme-widget-content\">\n<div class=\"et_pb_section et_pb_section_0 et_pb_with_background et_section_regular accssme-widget-content\">\n<div class=\"et_pb_row et_pb_row_0 accssme-widget-content\">\n<div class=\"et_pb_column et_pb_column_4_4 et_pb_column_0 et_pb_css_mix_blend_mode_passthrough et-last-child accssme-widget-content\">\n<div id=\"tratamientos\" class=\"et_pb_module et_pb_text et_pb_text_0 et_pb_text_align_center et_pb_bg_layout_light et_had_animation accssme-widget-content\">\n<div class=\"et_pb_text_inner accssme-widget-content\">\n<h2 class=\"accssme-widget-titles\">Pol\u00edtica de privacidad<\/h2>\n<\/div>\n<\/div>\n<\/div>\n<\/div>\n<div class=\"et_pb_row et_pb_row_1 accssme-widget-content\">\n<div class=\"et_pb_column et_pb_column_4_4 et_pb_column_1 et_pb_css_mix_blend_mode_passthrough et-last-child accssme-widget-content\">\n<div id=\"tratamientos\" class=\"et_pb_module et_pb_text et_pb_text_1 et_pb_text_align_left et_pb_bg_layout_light et_had_animation accssme-widget-content\">\n<div class=\"et_pb_text_inner accssme-widget-content\">\n<p class=\"accssme-widget-text\">Aviso sobre los derechos a la protecci\u00f3n de datos personales.<\/p>\n<p class=\"accssme-widget-text\">Por la actividad que realiza nuestra empresa, recogemos informaci\u00f3n sobre nuestros usuarios, siendo este documento parte integrante de la Pol\u00edtica de Privacidad de Arpe \u00d3ptica. Si acepta entrar en nuestra web est\u00e1 aceptando impl\u00edcitamente nuestra Pol\u00edtica de Privacidad y Protecci\u00f3n de Datos.<\/p>\n<p class=\"accssme-widget-text\"><strong class=\"accssme-widget-text\">PRINCIPIOS DE PRIVACIDAD<\/strong><br class=\"accssme-widget-content\" \/>Desde Arpe \u00d3ptica nos comprometemos contigo a trabajar continuamente para garantizar la privacidad en el tratamiento de tus datos personales, y para ofrecerte en cada momento la informaci\u00f3n m\u00e1s completa y clara que podamos. Te animamos a leer detenidamente esta secci\u00f3n antes de facilitarnos tus datos personales. Si eres menor de catorce a\u00f1os te rogamos que no nos facilites tus datos sin consentimiento de tus padres.<\/p>\n<p class=\"accssme-widget-text\">En este apartado te informamos de c\u00f3mo tratamos los datos de las personas que tienen relaci\u00f3n con nuestra organizaci\u00f3n. Empezando por nuestros principios:<\/p>\n<ul>\n<li class=\"accssme-widget-text\">No solicitamos informaci\u00f3n personal, a no ser que sea necesaria para prestarte los servicios que nos requieras.<\/li>\n<li class=\"accssme-widget-text\">Nunca compartimos informaci\u00f3n personal con nadie, excepto para cumplir la ley, o contemos con tu autorizaci\u00f3n expresa.<\/li>\n<li class=\"accssme-widget-text\">Nunca utilizaremos tus datos personales para finalidades distintas a las expresadas en la presente pol\u00edtica de privacidad.<\/li>\n<li class=\"accssme-widget-text\">Tus datos siempre ser\u00e1n tratados con un nivel de protecci\u00f3n adecuado a la legislaci\u00f3n en materia de protecci\u00f3n de datos, y no los someteremos a decisiones automatizadas.<\/li>\n<\/ul>\n<p>La presente pol\u00edtica de privacidad la hemos redactado teniendo en cuenta las exigencias de la actual legislaci\u00f3n de protecci\u00f3n de datos:<\/p>\n<p class=\"accssme-widget-text\">Reglamento (UE) 2016\/679 del Parlamento Europeo y del Consejo de 27 de abril de 2016 relativo a la protecci\u00f3n de las personas f\u00edsicas (RGPD).<br class=\"accssme-widget-content\" \/>Ley Org\u00e1nica 3\/2018, de 5 de diciembre, de Protecci\u00f3n de Datos de Car\u00e1cter Personal y garant\u00eda de los derechos digitales (LOPD).<br class=\"accssme-widget-content\" \/>Real Decreto 1720\/2007, de 21 de diciembre (RLOPD).<br class=\"accssme-widget-content\" \/>Esta pol\u00edtica de privacidad est\u00e1 redactada con fecha 5 de enero de 2019 Con motivo de la modificaci\u00f3n de criterios de tratamiento, en aras de facilitar su comprensi\u00f3n o de adaptarla a la legalidad vigente, es posible que modifiquemos la presente pol\u00edtica de privacidad. Actualizaremos la fecha de la misma, para que puedas comprobar su vigencia.<\/p>\n<p class=\"accssme-widget-text\"><strong class=\"accssme-widget-text\">TRATAMIENTOS QUE REALIZAMOS<\/strong><\/p>\n<p><strong class=\"accssme-widget-text\">TRATAMIENTO DE CONTACTOS<\/strong><\/p>\n<ul>\n<li>Finalidad: Atender tus solicitudes, peticiones o consultas recibidas desde la web, mediante correo electr\u00f3nico o telef\u00f3nico. Dar respuesta a tu solicitud y hacer un seguimiento posterior.<\/li>\n<li class=\"accssme-widget-text\">Legitimaci\u00f3n: Consentimiento del interesado.<\/li>\n<li class=\"accssme-widget-text\">Destinatarios: No se ceder\u00e1n datos a terceros.<\/li>\n<li class=\"accssme-widget-text\">Periodo de conservaci\u00f3n: Conservaremos tus datos durante el tiempo necesario para cumplir con la finalidad para la que se ha recabado y para determinar las posibles responsabilidades que se pudieran derivar de dicha finalidad y del tratamiento de los datos.<\/li>\n<\/ul>\n<p class=\"accssme-widget-text\"><strong class=\"accssme-widget-text\">TRATAMIENTO DE CLIENTES<\/strong><\/p>\n<ul>\n<li class=\"accssme-widget-text\">Finalidad: Gestionar las relaciones con los clientes, facturaci\u00f3n y cobro. Env\u00edo de ofertas de productos\/ servicios similares o complementarios de los que nos hayas comprado.<\/li>\n<li class=\"accssme-widget-text\">Legitimaci\u00f3n: Relaci\u00f3n contractual e inter\u00e9s leg\u00edtimo.<\/li>\n<li class=\"accssme-widget-text\">Destinatarios: Tus datos ser\u00e1n comunicados a las Administraciones p\u00fablicas competentes en los casos previstos en la legislaci\u00f3n vigente, y con los fines que dicha legislaci\u00f3n establezca. S\u00f3lo los comunicaremos a aquellos terceros si resultan imprescindibles para la prestaci\u00f3n del servicio.<\/li>\n<li class=\"accssme-widget-text\">Periodo de conservaci\u00f3n: Conservaremos tus datos por un tiempo indefinido una vez finalice el plazo obligatorio por ley, o hasta que solicites la cancelaci\u00f3n de los mismos.<\/li>\n<\/ul>\n<p class=\"accssme-widget-text\"><strong class=\"accssme-widget-text\">TRATAMIENTO DE MARKETING<\/strong><\/p>\n<ul>\n<li class=\"accssme-widget-text\">Finalidad: Proporcionarte informaci\u00f3n de productos y servicios que consideremos que puedan ser de tu inter\u00e9s. En cada comunicaci\u00f3n comercial tendr\u00e1s la oportunidad de oponerte a este tratamiento d\u00e1ndote de baja.<\/li>\n<li class=\"accssme-widget-text\">Legitimaci\u00f3n: Consentimiento del interesado.<\/li>\n<li class=\"accssme-widget-text\">Destinatarios: No se ceder\u00e1n datos a terceros.<\/li>\n<li class=\"accssme-widget-text\">Periodo de conservaci\u00f3n: Conservaremos tus datos durante un periodo indefinido. Los cancelaremos si lo solicitas, o si tras un cierto n\u00famero de correos electr\u00f3nicos, no realizas ninguna acci\u00f3n.<\/li>\n<\/ul>\n<p class=\"accssme-widget-text\"><strong class=\"accssme-widget-text\">TRATAMIENTO DE RRHH<\/strong><\/p>\n<ul>\n<li class=\"accssme-widget-text\">Finalidad: Valorar el curr\u00edculum vitae que nos facilites para considerarte en los procesos de selecci\u00f3n de personal que podamos realizar.<\/li>\n<li class=\"accssme-widget-text\">Legitimaci\u00f3n: Consentimiento del interesado.<\/li>\n<li class=\"accssme-widget-text\">Destinatarios: No se ceder\u00e1n datos a terceros.<\/li>\n<li class=\"accssme-widget-text\">Periodo de conservaci\u00f3n: Conservaremos tus datos durante un plazo no superior a 5 a\u00f1os.<\/li>\n<\/ul>\n<\/div>\n<\/div>\n<\/div>\n<\/div>\n<\/div>\n<\/div>\n<\/div>\n<\/div>\n<\/article>\n<\/div>\n<p>&nbsp;<\/p>\n<p>[\/et_pb_text][\/et_pb_column][\/et_pb_row][\/et_pb_section]<\/p>\n","protected":false},"excerpt":{"rendered":"<p>Pol\u00edtica de privacidad Aviso sobre los derechos a la protecci\u00f3n de datos personales. Por la actividad que realiza nuestra empresa, recogemos informaci\u00f3n sobre nuestros usuarios, siendo este documento parte integrante de la Pol\u00edtica de Privacidad de Arpe \u00d3ptica. Si acepta entrar en nuestra web est\u00e1 aceptando impl\u00edcitamente nuestra Pol\u00edtica de Privacidad y Protecci\u00f3n de Datos. PRINCIPIOS DE PRIVACIDADDesde Arpe \u00d3ptica nos comprometemos contigo a trabajar continuamente para garantizar la privacidad en el tratamiento de tus datos personales, y para ofrecerte en cada momento la informaci\u00f3n m\u00e1s completa y clara que podamos. Te animamos a leer detenidamente esta secci\u00f3n antes de facilitarnos tus datos personales. Si eres menor de catorce a\u00f1os te rogamos que no nos facilites tus datos sin consentimiento de tus padres. En este apartado te informamos de c\u00f3mo tratamos los datos de las personas que tienen relaci\u00f3n con nuestra organizaci\u00f3n. Empezando por nuestros principios: No solicitamos informaci\u00f3n personal, a no ser que sea necesaria para prestarte los servicios que nos requieras. Nunca compartimos informaci\u00f3n personal con nadie, excepto para cumplir la ley, o contemos con tu autorizaci\u00f3n expresa. Nunca utilizaremos tus datos personales para finalidades distintas a las expresadas en la presente pol\u00edtica de privacidad. Tus datos siempre [&hellip;]<\/p>\n","protected":false},"author":1,"featured_media":0,"parent":0,"menu_order":0,"comment_status":"closed","ping_status":"open","template":"","meta":{"_et_pb_use_builder":"on","_et_pb_old_content":"<!-- wp:heading -->\r\n<div id=\"main-content\" class=\"accssme-widget-content\">\r\n<article id=\"post-3\" class=\"post-3 page type-page status-publish hentry accssme-widget-content\">\r\n<div class=\"entry-content accssme-widget-content\">\r\n<div class=\"et-l et-l--post accssme-widget-content\">\r\n<div class=\"et_builder_inner_content et_pb_gutters3 accssme-widget-content\">\r\n<div class=\"et_pb_section et_pb_section_0 et_pb_with_background et_section_regular accssme-widget-content\">\r\n<div class=\"et_pb_row et_pb_row_0 accssme-widget-content\">\r\n<div class=\"et_pb_column et_pb_column_4_4 et_pb_column_0 et_pb_css_mix_blend_mode_passthrough et-last-child accssme-widget-content\">\r\n<div id=\"tratamientos\" class=\"et_pb_module et_pb_text et_pb_text_0 et_pb_text_align_center et_pb_bg_layout_light et_had_animation accssme-widget-content\">\r\n<div class=\"et_pb_text_inner accssme-widget-content\">\r\n<h2 class=\"accssme-widget-titles\">Pol\u00edtica de privacidad<\/h2>\r\n<\/div>\r\n<\/div>\r\n<\/div>\r\n<\/div>\r\n<div class=\"et_pb_row et_pb_row_1 accssme-widget-content\">\r\n<div class=\"et_pb_column et_pb_column_4_4 et_pb_column_1 et_pb_css_mix_blend_mode_passthrough et-last-child accssme-widget-content\">\r\n<div id=\"tratamientos\" class=\"et_pb_module et_pb_text et_pb_text_1 et_pb_text_align_left et_pb_bg_layout_light et_had_animation accssme-widget-content\">\r\n<div class=\"et_pb_text_inner accssme-widget-content\">\r\n<p class=\"accssme-widget-text\">Aviso sobre los derechos a la protecci\u00f3n de datos personales.<\/p>\r\n<p class=\"accssme-widget-text\">Por la actividad que realiza nuestra empresa, recogemos informaci\u00f3n sobre nuestros usuarios, siendo este documento parte integrante de la Pol\u00edtica de Privacidad de Arpe \u00d3ptica. Si acepta entrar en nuestra web est\u00e1 aceptando impl\u00edcitamente nuestra Pol\u00edtica de Privacidad y Protecci\u00f3n de Datos.<\/p>\r\n<p class=\"accssme-widget-text\"><strong class=\"accssme-widget-text\">PRINCIPIOS DE PRIVACIDAD<\/strong><br class=\"accssme-widget-content\" \/>Desde Arpe \u00d3ptica nos comprometemos contigo a trabajar continuamente para garantizar la privacidad en el tratamiento de tus datos personales, y para ofrecerte en cada momento la informaci\u00f3n m\u00e1s completa y clara que podamos. Te animamos a leer detenidamente esta secci\u00f3n antes de facilitarnos tus datos personales. Si eres menor de catorce a\u00f1os te rogamos que no nos facilites tus datos sin consentimiento de tus padres.<\/p>\r\n<p class=\"accssme-widget-text\">En este apartado te informamos de c\u00f3mo tratamos los datos de las personas que tienen relaci\u00f3n con nuestra organizaci\u00f3n. Empezando por nuestros principios:<\/p>\r\n<ul>\r\n<li class=\"accssme-widget-text\">No solicitamos informaci\u00f3n personal, a no ser que sea necesaria para prestarte los servicios que nos requieras.<\/li>\r\n<li class=\"accssme-widget-text\">Nunca compartimos informaci\u00f3n personal con nadie, excepto para cumplir la ley, o contemos con tu autorizaci\u00f3n expresa.<\/li>\r\n<li class=\"accssme-widget-text\">Nunca utilizaremos tus datos personales para finalidades distintas a las expresadas en la presente pol\u00edtica de privacidad.<\/li>\r\n<li class=\"accssme-widget-text\">Tus datos siempre ser\u00e1n tratados con un nivel de protecci\u00f3n adecuado a la legislaci\u00f3n en materia de protecci\u00f3n de datos, y no los someteremos a decisiones automatizadas.<\/li>\r\n<\/ul>\r\n<p>La presente pol\u00edtica de privacidad la hemos redactado teniendo en cuenta las exigencias de la actual legislaci\u00f3n de protecci\u00f3n de datos:<\/p>\r\n<p class=\"accssme-widget-text\">Reglamento (UE) 2016\/679 del Parlamento Europeo y del Consejo de 27 de abril de 2016 relativo a la protecci\u00f3n de las personas f\u00edsicas (RGPD).<br class=\"accssme-widget-content\" \/>Ley Org\u00e1nica 3\/2018, de 5 de diciembre, de Protecci\u00f3n de Datos de Car\u00e1cter Personal y garant\u00eda de los derechos digitales (LOPD).<br class=\"accssme-widget-content\" \/>Real Decreto 1720\/2007, de 21 de diciembre (RLOPD).<br class=\"accssme-widget-content\" \/>Esta pol\u00edtica de privacidad est\u00e1 redactada con fecha 5 de enero de 2019 Con motivo de la modificaci\u00f3n de criterios de tratamiento, en aras de facilitar su comprensi\u00f3n o de adaptarla a la legalidad vigente, es posible que modifiquemos la presente pol\u00edtica de privacidad. Actualizaremos la fecha de la misma, para que puedas comprobar su vigencia.<\/p>\r\n<p class=\"accssme-widget-text\"><strong class=\"accssme-widget-text\">TRATAMIENTOS QUE REALIZAMOS<\/strong><\/p>\r\n<p><strong class=\"accssme-widget-text\">TRATAMIENTO DE CONTACTOS<\/strong><\/p>\r\n<ul>\r\n<li>Finalidad: Atender tus solicitudes, peticiones o consultas recibidas desde la web, mediante correo electr\u00f3nico o telef\u00f3nico. Dar respuesta a tu solicitud y hacer un seguimiento posterior.<\/li>\r\n<li class=\"accssme-widget-text\">Legitimaci\u00f3n: Consentimiento del interesado.<\/li>\r\n<li class=\"accssme-widget-text\">Destinatarios: No se ceder\u00e1n datos a terceros.<\/li>\r\n<li class=\"accssme-widget-text\">Periodo de conservaci\u00f3n: Conservaremos tus datos durante el tiempo necesario para cumplir con la finalidad para la que se ha recabado y para determinar las posibles responsabilidades que se pudieran derivar de dicha finalidad y del tratamiento de los datos.<\/li>\r\n<\/ul>\r\n<p class=\"accssme-widget-text\"><strong class=\"accssme-widget-text\">TRATAMIENTO DE CLIENTES<\/strong><\/p>\r\n<ul>\r\n<li class=\"accssme-widget-text\">Finalidad: Gestionar las relaciones con los clientes, facturaci\u00f3n y cobro. Env\u00edo de ofertas de productos\/ servicios similares o complementarios de los que nos hayas comprado.<\/li>\r\n<li class=\"accssme-widget-text\">Legitimaci\u00f3n: Relaci\u00f3n contractual e inter\u00e9s leg\u00edtimo.<\/li>\r\n<li class=\"accssme-widget-text\">Destinatarios: Tus datos ser\u00e1n comunicados a las Administraciones p\u00fablicas competentes en los casos previstos en la legislaci\u00f3n vigente, y con los fines que dicha legislaci\u00f3n establezca. S\u00f3lo los comunicaremos a aquellos terceros si resultan imprescindibles para la prestaci\u00f3n del servicio.<\/li>\r\n<li class=\"accssme-widget-text\">Periodo de conservaci\u00f3n: Conservaremos tus datos por un tiempo indefinido una vez finalice el plazo obligatorio por ley, o hasta que solicites la cancelaci\u00f3n de los mismos.<\/li>\r\n<\/ul>\r\n<p class=\"accssme-widget-text\"><strong class=\"accssme-widget-text\">TRATAMIENTO DE MARKETING<\/strong><\/p>\r\n<ul>\r\n<li class=\"accssme-widget-text\">Finalidad: Proporcionarte informaci\u00f3n de productos y servicios que consideremos que puedan ser de tu inter\u00e9s. En cada comunicaci\u00f3n comercial tendr\u00e1s la oportunidad de oponerte a este tratamiento d\u00e1ndote de baja.<\/li>\r\n<li class=\"accssme-widget-text\">Legitimaci\u00f3n: Consentimiento del interesado.<\/li>\r\n<li class=\"accssme-widget-text\">Destinatarios: No se ceder\u00e1n datos a terceros.<\/li>\r\n<li class=\"accssme-widget-text\">Periodo de conservaci\u00f3n: Conservaremos tus datos durante un periodo indefinido. Los cancelaremos si lo solicitas, o si tras un cierto n\u00famero de correos electr\u00f3nicos, no realizas ninguna acci\u00f3n.<\/li>\r\n<\/ul>\r\n<p class=\"accssme-widget-text\"><strong class=\"accssme-widget-text\">TRATAMIENTO DE RRHH<\/strong><\/p>\r\n<ul>\r\n<li class=\"accssme-widget-text\">Finalidad: Valorar el curr\u00edculum vitae que nos facilites para considerarte en los procesos de selecci\u00f3n de personal que podamos realizar.<\/li>\r\n<li class=\"accssme-widget-text\">Legitimaci\u00f3n: Consentimiento del interesado.<\/li>\r\n<li class=\"accssme-widget-text\">Destinatarios: No se ceder\u00e1n datos a terceros.<\/li>\r\n<li class=\"accssme-widget-text\">Periodo de conservaci\u00f3n: Conservaremos tus datos durante un plazo no superior a 5 a\u00f1os.<\/li>\r\n<\/ul>\r\n<\/div>\r\n<\/div>\r\n<\/div>\r\n<\/div>\r\n<\/div>\r\n<\/div>\r\n<\/div>\r\n<\/div>\r\n<\/article>\r\n<\/div>\r\n<!-- \/wp:paragraph -->\r\n<p>\u00a0<\/p>","_et_gb_content_width":"","_joinchat":[],"footnotes":""},"class_list":["post-589","page","type-page","status-publish","hentry"],"yoast_head":"<!-- This site is optimized with the Yoast SEO plugin v27.5 - https:\/\/yoast.com\/product\/yoast-seo-wordpress\/ -->\n<title>Pol\u00edtica de Privacidad - Arpe \u00d3ptica<\/title>\n<meta name=\"robots\" content=\"index, follow, max-snippet:-1, max-image-preview:large, max-video-preview:-1\" \/>\n<link rel=\"canonical\" href=\"https:\/\/arpeoptica.com\/es\/politica-privacidad\/\" \/>\n<meta property=\"og:locale\" content=\"es_ES\" \/>\n<meta property=\"og:type\" content=\"article\" \/>\n<meta property=\"og:title\" content=\"Pol\u00edtica de Privacidad - Arpe \u00d3ptica\" \/>\n<meta property=\"og:description\" content=\"Pol\u00edtica de privacidad Aviso sobre los derechos a la protecci\u00f3n de datos personales. Por la actividad que realiza nuestra empresa, recogemos informaci\u00f3n sobre nuestros usuarios, siendo este documento parte integrante de la Pol\u00edtica de Privacidad de Arpe \u00d3ptica. Si acepta entrar en nuestra web est\u00e1 aceptando impl\u00edcitamente nuestra Pol\u00edtica de Privacidad y Protecci\u00f3n de Datos. PRINCIPIOS DE PRIVACIDADDesde Arpe \u00d3ptica nos comprometemos contigo a trabajar continuamente para garantizar la privacidad en el tratamiento de tus datos personales, y para ofrecerte en cada momento la informaci\u00f3n m\u00e1s completa y clara que podamos. Te animamos a leer detenidamente esta secci\u00f3n antes de facilitarnos tus datos personales. Si eres menor de catorce a\u00f1os te rogamos que no nos facilites tus datos sin consentimiento de tus padres. En este apartado te informamos de c\u00f3mo tratamos los datos de las personas que tienen relaci\u00f3n con nuestra organizaci\u00f3n. Empezando por nuestros principios: No solicitamos informaci\u00f3n personal, a no ser que sea necesaria para prestarte los servicios que nos requieras. Nunca compartimos informaci\u00f3n personal con nadie, excepto para cumplir la ley, o contemos con tu autorizaci\u00f3n expresa. Nunca utilizaremos tus datos personales para finalidades distintas a las expresadas en la presente pol\u00edtica de privacidad. Tus datos siempre [&hellip;]\" \/>\n<meta property=\"og:url\" content=\"https:\/\/arpeoptica.com\/es\/politica-privacidad\/\" \/>\n<meta property=\"og:site_name\" content=\"Arpe \u00d3ptica\" \/>\n<meta property=\"article:modified_time\" content=\"2025-07-23T07:20:29+00:00\" \/>\n<meta name=\"twitter:card\" content=\"summary_large_image\" \/>\n<meta name=\"twitter:label1\" content=\"Tiempo de lectura\" \/>\n\t<meta name=\"twitter:data1\" content=\"4 minutos\" \/>\n<script type=\"application\/ld+json\" class=\"yoast-schema-graph\">{\"@context\":\"https:\\\/\\\/schema.org\",\"@graph\":[{\"@type\":\"WebPage\",\"@id\":\"https:\\\/\\\/arpeoptica.com\\\/es\\\/politica-privacidad\\\/\",\"url\":\"https:\\\/\\\/arpeoptica.com\\\/es\\\/politica-privacidad\\\/\",\"name\":\"Pol\u00edtica de Privacidad - Arpe \u00d3ptica\",\"isPartOf\":{\"@id\":\"https:\\\/\\\/arpeoptica.com\\\/es\\\/#website\"},\"datePublished\":\"2025-02-17T07:17:52+00:00\",\"dateModified\":\"2025-07-23T07:20:29+00:00\",\"breadcrumb\":{\"@id\":\"https:\\\/\\\/arpeoptica.com\\\/es\\\/politica-privacidad\\\/#breadcrumb\"},\"inLanguage\":\"es\",\"potentialAction\":[{\"@type\":\"ReadAction\",\"target\":[\"https:\\\/\\\/arpeoptica.com\\\/es\\\/politica-privacidad\\\/\"]}]},{\"@type\":\"BreadcrumbList\",\"@id\":\"https:\\\/\\\/arpeoptica.com\\\/es\\\/politica-privacidad\\\/#breadcrumb\",\"itemListElement\":[{\"@type\":\"ListItem\",\"position\":1,\"name\":\"Portada\",\"item\":\"https:\\\/\\\/arpeoptica.com\\\/es\\\/\"},{\"@type\":\"ListItem\",\"position\":2,\"name\":\"Pol\u00edtica de Privacidad\"}]},{\"@type\":\"WebSite\",\"@id\":\"https:\\\/\\\/arpeoptica.com\\\/es\\\/#website\",\"url\":\"https:\\\/\\\/arpeoptica.com\\\/es\\\/\",\"name\":\"Arpe \u00d3ptica\",\"description\":\"Tu \u00f3ptica de confianza en Oliva, Valencia\",\"potentialAction\":[{\"@type\":\"SearchAction\",\"target\":{\"@type\":\"EntryPoint\",\"urlTemplate\":\"https:\\\/\\\/arpeoptica.com\\\/es\\\/?s={search_term_string}\"},\"query-input\":{\"@type\":\"PropertyValueSpecification\",\"valueRequired\":true,\"valueName\":\"search_term_string\"}}],\"inLanguage\":\"es\"}]}<\/script>\n<!-- \/ Yoast SEO plugin. -->","yoast_head_json":{"title":"Pol\u00edtica de Privacidad - Arpe \u00d3ptica","robots":{"index":"index","follow":"follow","max-snippet":"max-snippet:-1","max-image-preview":"max-image-preview:large","max-video-preview":"max-video-preview:-1"},"canonical":"https:\/\/arpeoptica.com\/es\/politica-privacidad\/","og_locale":"es_ES","og_type":"article","og_title":"Pol\u00edtica de Privacidad - Arpe \u00d3ptica","og_description":"Pol\u00edtica de privacidad Aviso sobre los derechos a la protecci\u00f3n de datos personales. Por la actividad que realiza nuestra empresa, recogemos informaci\u00f3n sobre nuestros usuarios, siendo este documento parte integrante de la Pol\u00edtica de Privacidad de Arpe \u00d3ptica. Si acepta entrar en nuestra web est\u00e1 aceptando impl\u00edcitamente nuestra Pol\u00edtica de Privacidad y Protecci\u00f3n de Datos. PRINCIPIOS DE PRIVACIDADDesde Arpe \u00d3ptica nos comprometemos contigo a trabajar continuamente para garantizar la privacidad en el tratamiento de tus datos personales, y para ofrecerte en cada momento la informaci\u00f3n m\u00e1s completa y clara que podamos. Te animamos a leer detenidamente esta secci\u00f3n antes de facilitarnos tus datos personales. Si eres menor de catorce a\u00f1os te rogamos que no nos facilites tus datos sin consentimiento de tus padres. En este apartado te informamos de c\u00f3mo tratamos los datos de las personas que tienen relaci\u00f3n con nuestra organizaci\u00f3n. Empezando por nuestros principios: No solicitamos informaci\u00f3n personal, a no ser que sea necesaria para prestarte los servicios que nos requieras. Nunca compartimos informaci\u00f3n personal con nadie, excepto para cumplir la ley, o contemos con tu autorizaci\u00f3n expresa. Nunca utilizaremos tus datos personales para finalidades distintas a las expresadas en la presente pol\u00edtica de privacidad. Tus datos siempre [&hellip;]","og_url":"https:\/\/arpeoptica.com\/es\/politica-privacidad\/","og_site_name":"Arpe \u00d3ptica","article_modified_time":"2025-07-23T07:20:29+00:00","twitter_card":"summary_large_image","twitter_misc":{"Tiempo de lectura":"4 minutos"},"schema":{"@context":"https:\/\/schema.org","@graph":[{"@type":"WebPage","@id":"https:\/\/arpeoptica.com\/es\/politica-privacidad\/","url":"https:\/\/arpeoptica.com\/es\/politica-privacidad\/","name":"Pol\u00edtica de Privacidad - Arpe \u00d3ptica","isPartOf":{"@id":"https:\/\/arpeoptica.com\/es\/#website"},"datePublished":"2025-02-17T07:17:52+00:00","dateModified":"2025-07-23T07:20:29+00:00","breadcrumb":{"@id":"https:\/\/arpeoptica.com\/es\/politica-privacidad\/#breadcrumb"},"inLanguage":"es","potentialAction":[{"@type":"ReadAction","target":["https:\/\/arpeoptica.com\/es\/politica-privacidad\/"]}]},{"@type":"BreadcrumbList","@id":"https:\/\/arpeoptica.com\/es\/politica-privacidad\/#breadcrumb","itemListElement":[{"@type":"ListItem","position":1,"name":"Portada","item":"https:\/\/arpeoptica.com\/es\/"},{"@type":"ListItem","position":2,"name":"Pol\u00edtica de Privacidad"}]},{"@type":"WebSite","@id":"https:\/\/arpeoptica.com\/es\/#website","url":"https:\/\/arpeoptica.com\/es\/","name":"Arpe \u00d3ptica","description":"Tu \u00f3ptica de confianza en Oliva, Valencia","potentialAction":[{"@type":"SearchAction","target":{"@type":"EntryPoint","urlTemplate":"https:\/\/arpeoptica.com\/es\/?s={search_term_string}"},"query-input":{"@type":"PropertyValueSpecification","valueRequired":true,"valueName":"search_term_string"}}],"inLanguage":"es"}]}},"_links":{"self":[{"href":"https:\/\/arpeoptica.com\/es\/wp-json\/wp\/v2\/pages\/589","targetHints":{"allow":["GET"]}}],"collection":[{"href":"https:\/\/arpeoptica.com\/es\/wp-json\/wp\/v2\/pages"}],"about":[{"href":"https:\/\/arpeoptica.com\/es\/wp-json\/wp\/v2\/types\/page"}],"author":[{"embeddable":true,"href":"https:\/\/arpeoptica.com\/es\/wp-json\/wp\/v2\/users\/1"}],"replies":[{"embeddable":true,"href":"https:\/\/arpeoptica.com\/es\/wp-json\/wp\/v2\/comments?post=589"}],"version-history":[{"count":2,"href":"https:\/\/arpeoptica.com\/es\/wp-json\/wp\/v2\/pages\/589\/revisions"}],"predecessor-version":[{"id":654,"href":"https:\/\/arpeoptica.com\/es\/wp-json\/wp\/v2\/pages\/589\/revisions\/654"}],"wp:attachment":[{"href":"https:\/\/arpeoptica.com\/es\/wp-json\/wp\/v2\/media?parent=589"}],"curies":[{"name":"wp","href":"https:\/\/api.w.org\/{rel}","templated":true}]}}