{"id":592,"date":"2025-07-10T11:36:49","date_gmt":"2025-07-10T09:36:49","guid":{"rendered":"https:\/\/arpeoptica.com\/sobre-nosaltres\/"},"modified":"2025-07-23T10:36:34","modified_gmt":"2025-07-23T08:36:34","slug":"sobre-nosotros","status":"publish","type":"page","link":"https:\/\/arpeoptica.com\/es\/sobre-nosotros\/","title":{"rendered":"Sobre nosotros"},"content":{"rendered":"<p>[et_pb_section fb_built=\u00bb1&#8243; admin_label=\u00bbHero\u00bb _builder_version=\u00bb4.23.1&#8243; _module_preset=\u00bbdefault\u00bb custom_padding=\u00bb2vw||0px||false|false\u00bb locked=\u00bboff\u00bb collapsed=\u00bbon\u00bb global_colors_info=\u00bb{}\u00bb][et_pb_row _builder_version=\u00bb4.27.4&#8243; _module_preset=\u00bbdefault\u00bb global_colors_info=\u00bb{}\u00bb][et_pb_column type=\u00bb4_4&#8243; _builder_version=\u00bb4.27.4&#8243; _module_preset=\u00bbdefault\u00bb global_colors_info=\u00bb{}\u00bb][dsm_breadcrumbs _builder_version=\u00bb4.27.4&#8243; _module_preset=\u00bbdefault\u00bb global_colors_info=\u00bb{}\u00bb][\/dsm_breadcrumbs][\/et_pb_column][\/et_pb_row][et_pb_row column_structure=\u00bb2_3,1_3&#8243; _builder_version=\u00bb4.18.0&#8243; _module_preset=\u00bb5138c454-be54-4233-bd3b-f8e6a8747976&#8243; global_colors_info=\u00bb{}\u00bb][et_pb_column type=\u00bb2_3&#8243; _builder_version=\u00bb4.18.0&#8243; _module_preset=\u00bb73121f80-a3ef-4484-8763-c3f18e3c56d2&#8243; global_colors_info=\u00bb{}\u00bb][et_pb_heading title=\u00bbSobre m\u00ed\u00bb _builder_version=\u00bb4.27.4&#8243; _module_preset=\u00bbf0c675ea-2574-4d0e-b725-30f8550a8550&#8243; title_level=\u00bbh4&#8243; title_font=\u00bbProza Libre|Open Sans_weight||on|||||\u00bb title_text_color=\u00bbgcid-heading-color\u00bb title_font_size=\u00bb14px\u00bb title_letter_spacing=\u00bb1px\u00bb title_line_height=\u00bb1.4em\u00bb custom_margin=\u00bb||10px||false|false\u00bb title_font_size_tablet=\u00bb13px\u00bb title_font_size_phone=\u00bb13px\u00bb title_font_size_last_edited=\u00bbon|desktop\u00bb locked=\u00bboff\u00bb global_colors_info=\u00bb{%22gcid-heading-color%22:%91%22title_text_color%22%93}\u00bb][\/et_pb_heading][et_pb_heading title=\u00bbN\u00e0dia Peir\u00f3\u00bb _builder_version=\u00bb4.27.4&#8243; _module_preset=\u00bbddeb8c09-9078-4424-bc15-2efb6572e28e\u00bb title_font=\u00bbOpen Sans|Open Sans_weight|||||||\u00bb title_text_color=\u00bbgcid-primary-color\u00bb title_font_size=\u00bb50px\u00bb title_line_height=\u00bb1.15em\u00bb title_font_size_tablet=\u00bb40px\u00bb title_font_size_phone=\u00bb24px\u00bb title_font_size_last_edited=\u00bbon|phone\u00bb locked=\u00bboff\u00bb global_colors_info=\u00bb{%22gcid-primary-color%22:%91%22title_text_color%22%93}\u00bb][\/et_pb_heading][et_pb_text quote_border_color=\u00bb#aaaaaa\u00bb _builder_version=\u00bb4.27.4&#8243; _module_preset=\u00bb2c55a9c4-feed-423b-9edb-ae0b5b365cac\u00bb text_font=\u00bbProza Libre|Proza Libre_weight|||||||\u00bb text_text_color=\u00bb#3c3a47&#8243; text_font_size=\u00bb16px\u00bb text_line_height=\u00bb1.75em\u00bb link_font=\u00bb|Proza Libre_weight|||||||\u00bb link_text_color=\u00bb#009fe3&#8243; quote_font=\u00bbOpen Sans|Open Sans_weight|||||||\u00bb quote_text_color=\u00bb#0e0c19&#8243; header_font=\u00bbOpen Sans|Open Sans_weight|||||||\u00bb header_text_color=\u00bb#0e0c19&#8243; header_font_size=\u00bb72px\u00bb header_line_height=\u00bb1.15em\u00bb header_2_font=\u00bbOpen Sans|Open Sans_weight|||||||\u00bb header_2_text_color=\u00bb#0e0c19&#8243; header_2_font_size=\u00bb50px\u00bb header_2_line_height=\u00bb1.2em\u00bb header_3_font=\u00bbOpen Sans|Open Sans_weight|||||||\u00bb header_3_text_color=\u00bb#0e0c19&#8243; header_3_font_size=\u00bb32px\u00bb header_3_line_height=\u00bb1.3em\u00bb header_4_font=\u00bbOpen Sans|Open Sans_weight|||||||\u00bb header_4_text_color=\u00bb#0e0c19&#8243; header_4_font_size=\u00bb24px\u00bb header_4_line_height=\u00bb1.4em\u00bb header_5_font=\u00bbOpen Sans|Open Sans_weight|||||||\u00bb header_5_text_color=\u00bb#0e0c19&#8243; header_5_font_size=\u00bb18px\u00bb header_5_line_height=\u00bb1.4em\u00bb header_6_font=\u00bbOpen Sans|Open Sans_weight|||||||\u00bb header_6_text_color=\u00bb#0e0c19&#8243; header_6_line_height=\u00bb1.5em\u00bb custom_margin=\u00bb||||false|false\u00bb hover_enabled=\u00bb0&#8243; text_font_size_tablet=\u00bb15px\u00bb text_font_size_phone=\u00bb14px\u00bb text_font_size_last_edited=\u00bbon|phone\u00bb header_font_size_tablet=\u00bb40px\u00bb header_font_size_phone=\u00bb24px\u00bb header_font_size_last_edited=\u00bbon|desktop\u00bb header_2_font_size_tablet=\u00bb28px\u00bb header_2_font_size_phone=\u00bb20px\u00bb header_2_font_size_last_edited=\u00bbon|phone\u00bb header_3_font_size_tablet=\u00bb22px\u00bb header_3_font_size_phone=\u00bb17px\u00bb header_3_font_size_last_edited=\u00bbon|phone\u00bb header_4_font_size_tablet=\u00bb18px\u00bb header_4_font_size_phone=\u00bb15px\u00bb header_4_font_size_last_edited=\u00bbon|tablet\u00bb header_5_font_size_tablet=\u00bb15px\u00bb header_5_font_size_phone=\u00bb14px\u00bb header_5_font_size_last_edited=\u00bbon|desktop\u00bb header_6_font_size_tablet=\u00bb13px\u00bb header_6_font_size_phone=\u00bb13px\u00bb header_6_font_size_last_edited=\u00bbon|desktop\u00bb locked=\u00bboff\u00bb global_colors_info=\u00bb{}\u00bb sticky_enabled=\u00bb0&#8243;]<\/p>\n<blockquote>\n<p><strong>Optometrista colegiada en Oliva<\/strong><\/p>\n<\/blockquote>\n<p>Soy optometrista y fundadora de Arpe \u00d3ptica, un espacio dedicado a la salud visual con un enfoque pr\u00f3ximo, cient\u00edfico y personalizado. Me apasiona mi profesi\u00f3n y mantengo un compromiso firme con la formaci\u00f3n continua, especialmente en \u00e1reas como la contactolog\u00eda avanzada, el control de la miop\u00eda y la detecci\u00f3n de patolog\u00edas visuales.<\/p>\n<p>[\/et_pb_text][et_pb_heading title=\u00bbMi compromiso\u00bb _builder_version=\u00bb4.27.4&#8243; _module_preset=\u00bbc33f07d9-41e0-421a-8799-5799df695cce\u00bb title_level=\u00bbh2&#8243; title_font=\u00bbOpen Sans|Open Sans_weight|||||||\u00bb title_text_color=\u00bbgcid-primary-color\u00bb title_font_size=\u00bb50px\u00bb title_line_height=\u00bb1.2em\u00bb custom_margin=\u00bb||10px||false|false\u00bb title_font_size_tablet=\u00bb28px\u00bb title_font_size_phone=\u00bb20px\u00bb title_font_size_last_edited=\u00bbon|phone\u00bb global_colors_info=\u00bb{%22gcid-primary-color%22:%91%22title_text_color%22%93}\u00bb][\/et_pb_heading][et_pb_text quote_border_color=\u00bb#aaaaaa\u00bb _builder_version=\u00bb4.27.4&#8243; _module_preset=\u00bb2c55a9c4-feed-423b-9edb-ae0b5b365cac\u00bb text_font=\u00bbProza Libre|Proza Libre_weight|||||||\u00bb text_text_color=\u00bb#3c3a47&#8243; text_font_size=\u00bb16px\u00bb text_line_height=\u00bb1.75em\u00bb link_font=\u00bb|Proza Libre_weight|||||||\u00bb link_text_color=\u00bb#009fe3&#8243; quote_font=\u00bbOpen Sans|Open Sans_weight|||||||\u00bb quote_text_color=\u00bb#0e0c19&#8243; header_font=\u00bbOpen Sans|Open Sans_weight|||||||\u00bb header_text_color=\u00bb#0e0c19&#8243; header_font_size=\u00bb72px\u00bb header_line_height=\u00bb1.15em\u00bb header_2_font=\u00bbOpen Sans|Open Sans_weight|||||||\u00bb header_2_text_color=\u00bb#0e0c19&#8243; header_2_font_size=\u00bb50px\u00bb header_2_line_height=\u00bb1.2em\u00bb header_3_font=\u00bbOpen Sans|Open Sans_weight|||||||\u00bb header_3_text_color=\u00bb#0e0c19&#8243; header_3_font_size=\u00bb32px\u00bb header_3_line_height=\u00bb1.3em\u00bb header_4_font=\u00bbOpen Sans|Open Sans_weight|||||||\u00bb header_4_text_color=\u00bb#0e0c19&#8243; header_4_font_size=\u00bb24px\u00bb header_4_line_height=\u00bb1.4em\u00bb header_5_font=\u00bbOpen Sans|Open Sans_weight|||||||\u00bb header_5_text_color=\u00bb#0e0c19&#8243; header_5_font_size=\u00bb18px\u00bb header_5_line_height=\u00bb1.4em\u00bb header_6_font=\u00bbOpen Sans|Open Sans_weight|||||||\u00bb header_6_text_color=\u00bb#0e0c19&#8243; header_6_line_height=\u00bb1.5em\u00bb custom_margin=\u00bb||||false|false\u00bb text_font_size_tablet=\u00bb15px\u00bb text_font_size_phone=\u00bb14px\u00bb text_font_size_last_edited=\u00bbon|phone\u00bb header_font_size_tablet=\u00bb40px\u00bb header_font_size_phone=\u00bb24px\u00bb header_font_size_last_edited=\u00bbon|desktop\u00bb header_2_font_size_tablet=\u00bb28px\u00bb header_2_font_size_phone=\u00bb20px\u00bb header_2_font_size_last_edited=\u00bbon|phone\u00bb header_3_font_size_tablet=\u00bb22px\u00bb header_3_font_size_phone=\u00bb17px\u00bb header_3_font_size_last_edited=\u00bbon|phone\u00bb header_4_font_size_tablet=\u00bb18px\u00bb header_4_font_size_phone=\u00bb15px\u00bb header_4_font_size_last_edited=\u00bbon|tablet\u00bb header_5_font_size_tablet=\u00bb15px\u00bb header_5_font_size_phone=\u00bb14px\u00bb header_5_font_size_last_edited=\u00bbon|desktop\u00bb header_6_font_size_tablet=\u00bb13px\u00bb header_6_font_size_phone=\u00bb13px\u00bb header_6_font_size_last_edited=\u00bbon|desktop\u00bb locked=\u00bboff\u00bb global_colors_info=\u00bb{%22gcid-36fd78a7-34bc-404d-873c-dafa34efaae5%22:%91%22icon_color%22,%22icon_color%22%93}\u00bb body_font_size_tablet=\u00bb15px\u00bb body_font_size_phone=\u00bb14px\u00bb body_font_size_last_edited=\u00bbon|desktop\u00bb]<\/p>\n<p>Entiendo la visi\u00f3n como una parte fundamental de la calidad de vida. En Arpe \u00d3ptica, ofrecemos mucho m\u00e1s que unas gafas: ofrecemos seguimiento, prevenci\u00f3n y tratamientos personalizados para cuidar la salud ocular a lo largo de toda la vida.<\/p>\n<p>[\/et_pb_text][\/et_pb_column][et_pb_column type=\u00bb1_3&#8243; _builder_version=\u00bb4.18.0&#8243; _module_preset=\u00bb73121f80-a3ef-4484-8763-c3f18e3c56d2&#8243; global_colors_info=\u00bb{}\u00bb][et_pb_gallery gallery_ids=\u00bb388,91&#8243; fullwidth=\u00bbon\u00bb _builder_version=\u00bb4.27.4&#8243; _module_preset=\u00bbdefault\u00bb auto=\u00bbon\u00bb auto_speed=\u00bb5000&#8243; global_colors_info=\u00bb{}\u00bb][\/et_pb_gallery][\/et_pb_column][\/et_pb_row][\/et_pb_section][et_pb_section fb_built=\u00bb1&#8243; admin_label=\u00bbResume\u00bb _builder_version=\u00bb4.24.3&#8243; _module_preset=\u00bbdefault\u00bb custom_padding=\u00bb3px|||||\u00bb global_colors_info=\u00bb{}\u00bb][et_pb_row column_structure=\u00bb3_5,2_5&#8243; _builder_version=\u00bb4.24.3&#8243; _module_preset=\u00bbdefault\u00bb global_colors_info=\u00bb{}\u00bb][et_pb_column type=\u00bb3_5&#8243; _builder_version=\u00bb4.24.3&#8243; _module_preset=\u00bbdefault\u00bb global_colors_info=\u00bb{}\u00bb][et_pb_text _builder_version=\u00bb4.27.4&#8243; _module_preset=\u00bbdefault\u00bb hover_enabled=\u00bb0&#8243; global_colors_info=\u00bb{}\u00bb sticky_enabled=\u00bb0&#8243;]<\/p>\n<section style=\"padding: 2rem 1rem; max-width: 900px; margin: 0 auto; font-family: sans-serif;\">\n<h2 style=\"color: #0a258f; font-size: 2rem; margin-bottom: 1.5rem;\">Formaci\u00f3n y especializaci\u00f3n<\/h2>\n<h3 style=\"margin-top: 1rem; font-weight: bold;\">Diplomada en \u00d3ptica i Optometr\u00eda<\/h3>\n<ul style=\"margin-top: 1rem; padding-left: 1.2rem; list-style: none;\">\n<li style=\"margin-bottom: 0.5rem;\"><span style=\"color: #0a258f; font-weight: bold;\">\u25aa <\/span>Curso de especializaci\u00f3n en lentes de contacto (2023\/2024) \u2013 Formaci\u00f3n en l\u00ednea, presencial y estancias cl\u00ednicas en Espa\u00f1a<\/li>\n<li style=\"margin-bottom: 0.5rem;\"><span style=\"color: #0a258f; font-weight: bold;\">\u25aa <\/span>Validaci\u00f3n peri\u00f3dica colegial por el Consejo General de Colegios de \u00d3pticos Optometristas<\/li>\n<\/ul>\n<h3 style=\"margin-top: 2rem; font-weight: bold;\">Formaci\u00f3n complementaria<\/h3>\n<ul style=\"margin-top: 1rem; padding-left: 1.2rem; list-style: none;\">\n<li style=\"margin-bottom: 0.4rem;\"><span style=\"color: #0a258f; font-weight: bold;\">\u25aa<\/span> Contactolog\u00eda y actualizaciones en el control de la miop\u00eda (2025)<\/li>\n<li style=\"margin-bottom: 0.4rem;\"><span style=\"color: #0a258f; font-weight: bold;\">\u25aa<\/span> Enfoque pr\u00e1ctico de la diplop\u00eda en el adulto (2025)<\/li>\n<li style=\"margin-bottom: 0.4rem;\"><span style=\"color: #0a258f; font-weight: bold;\">\u25aa <\/span>Superficie ocular, ojo seco y lentes de contacto (2025)<\/li>\n<li style=\"margin-bottom: 0.4rem;\"><span style=\"color: #0a258f; font-weight: bold;\">\u25aa<\/span> Estancias cl\u00ednicas en The New England College of Optometry of Boston (2024)<\/li>\n<li style=\"margin-bottom: 0.4rem;\"><span style=\"color: #0a258f; font-weight: bold;\">\u25aa<\/span> Protocolo optom\u00e9trico en la detecci\u00f3n de patolog\u00edas retinianas (2023)<\/li>\n<li style=\"margin-bottom: 0.4rem;\"><span style=\"color: #0a258f; font-weight: bold;\">\u25aa<\/span> Rompiendo barreras en la adaptaci\u00f3n de lentillas \u2013 sesiones presenciales en Alicante (2023)<\/li>\n<li style=\"margin-bottom: 0.4rem;\"><span style=\"color: #0a258f; font-weight: bold;\">\u25aa<\/span> L\u00edneas rojas en contactolog\u00eda (2023)<\/li>\n<li style=\"margin-bottom: 0.4rem;\"><span style=\"color: #0a258f; font-weight: bold;\">\u25aa<\/span> Diagn\u00f3stico y tratamiento de disfunciones oculomotoras, acomodativas y binoculares no estr\u00e1bicas (2023)<\/li>\n<li style=\"margin-bottom: 0.4rem;\"><span style=\"color: #0a258f; font-weight: bold;\">\u25aa<\/span> La biolog\u00eda oculta de la miop\u00eda (2023)<\/li>\n<li style=\"margin-bottom: 0.4rem;\"><span style=\"color: #0a258f; font-weight: bold;\">\u25aa<\/span> Optometr\u00eda pedi\u00e1trica (2021)<\/li>\n<li style=\"margin-bottom: 0.4rem;\"><span style=\"color: #0a258f; font-weight: bold;\">\u25aa<\/span> Urgencias oftalmol\u00f3gicas (2019)<\/li>\n<li style=\"margin-bottom: 0.4rem;\"><span style=\"color: #0a258f; font-weight: bold;\">\u25aa<\/span> Protocolo del examen visual en pacientes pedi\u00e1tricos (2019)<\/li>\n<li style=\"margin-bottom: 0.4rem;\"><span style=\"color: #0a258f; font-weight: bold;\">\u25aa<\/span> Claves en el examen visual del paciente diab\u00e9tico (2019)<\/li>\n<\/ul>\n<h2 style=\"color: #0a258f; font-size: 2rem; margin-top: 3rem;\">\u00c1reas de especializaci\u00f3n<\/h2>\n<ul style=\"margin-top: 1rem; padding-left: 1.2rem;\">\n<li>\ud83d\udd0e Revisiones visuales completas y adaptadas a cada paciente<\/li>\n<li>\ud83d\udc66 Control y seguimiento de la miop\u00eda infantil y juvenil<\/li>\n<li>\ud83c\udf00 Adaptaci\u00f3n de lentillas especiales y orto-k<\/li>\n<li>\ud83e\udde0 Diagn\u00f3stico de disfunciones binoculares y problemas de eficacia visual<\/li>\n<li>\ud83d\udca7 Evaluaci\u00f3n y tratamiento de superficie ocular y ojo seco<\/li>\n<li>\ud83d\udc68\u200d\ud83d\udc69\u200d\ud83d\udc67 Educaci\u00f3n visual para familias y prevenci\u00f3n a largo plazo<\/li>\n<\/ul>\n<\/section>\n<p>[\/et_pb_text][\/et_pb_column][et_pb_column type=\u00bb2_5&#8243; _builder_version=\u00bb4.24.3&#8243; _module_preset=\u00bbdefault\u00bb global_colors_info=\u00bb{}\u00bb][et_pb_image src=\u00bbhttps:\/\/arpeoptica.com\/wp-content\/uploads\/2025\/07\/VPC-Validacion-periodica-colegial-optometrica.png\u00bb alt=\u00bbValidaci\u00f3n peri\u00f3dica colegial optom\u00e9trica &#8211; Nadia Peir\u00f3\u00bb title_text=\u00bbVPC Validacion periodica colegial optom\u00e9trica\u00bb _builder_version=\u00bb4.27.4&#8243; _module_preset=\u00bbdefault\u00bb global_colors_info=\u00bb{}\u00bb][\/et_pb_image][et_pb_text _builder_version=\u00bb4.27.4&#8243; _module_preset=\u00bbdefault\u00bb global_colors_info=\u00bb{}\u00bb]<\/p>\n<section style=\"padding: 2rem 1rem;\">\n<h2 style=\"color: #0a258f; font-size: 2rem;\">\u00bfQu\u00e9 es la Validaci\u00f3n Peri\u00f3dica Colegial?<\/h2>\n<p style=\"max-width: 800px; margin-top: 1rem;\">La <strong>VPC \u2013 Validaci\u00f3n Peri\u00f3dica Colegial<\/strong> Optom\u00e9trica es un distintivo profesional que acredita que el optometrista colegiado mantiene sus conocimientos actualizados y contin\u00faa form\u00e1ndose de manera regular seg\u00fan los est\u00e1ndares cient\u00edficos y t\u00e9cnicos m\u00e1s exigentes del sector.<\/p>\n<blockquote>\n<p style=\"max-width: 800px; margin-top: 1rem;\">En Arpe \u00d3ptica, la titular Nadia Peir\u00f3 Llorca cuenta con esta validaci\u00f3n, lo cual garantiza que los procedimientos que aplica, las tecnolog\u00edas que utiliza y las decisiones cl\u00ednicas que toma est\u00e1n basadas en una formaci\u00f3n rigurosa, actualizada y reconocida oficialmente.<\/p>\n<\/blockquote>\n<ul style=\"max-width: 800px; margin: 1.5rem auto; list-style: none; padding-left: 0; font-size: 1rem;\">\n<li>\ud83d\udcd8 Compromiso con la formaci\u00f3n continua<\/li>\n<li>\ud83d\udc41\ufe0f Actualizaci\u00f3n en salud visual y t\u00e9cnicas optom\u00e9tricas<\/li>\n<li>\ud83e\udd1d Confianza y seguridad para los pacientes<\/li>\n<\/ul>\n<p style=\"max-width: 800px; margin-top: 1rem;\">Tu visi\u00f3n merece la mejor atenci\u00f3n, y en Arpe \u00d3ptica nos aseguramos de ofrecerla con responsabilidad y transparencia.<\/p>\n<\/section>\n<p>[\/et_pb_text][\/et_pb_column][\/et_pb_row][\/et_pb_section]<\/p>\n","protected":false},"excerpt":{"rendered":"<p><div class=\"et_pb_module dsm_breadcrumbs dsm_breadcrumbs_0\">\n\t\t\t\t\n\t\t\t\t\n\t\t\t\t\n\t\t\t\t\n\t\t\t\t\n\t\t\t\t\n\t\t\t\t<div class=\"et_pb_module_inner\">\n\t\t\t\t\t<nav class=\"dsm_breadcrumbs_wrap\">\n\t\t\t\t<ul class=\"dsm_breadcrumbs\" itemscope itemtype=\"https:\/\/schema.org\/BreadcrumbList\">\t\t\t<li class=\"dsm_breadcrumbs_item dsm_home_item dsm_home_item_custom\" itemprop=\"itemListElement\" itemscope\n\t\t\titemtype=\"https:\/\/schema.org\/ListItem\">\n\t\t\t\t<a href=\"https:\/\/arpeoptica.com\/es\/\" itemprop=\"item\" target=\"\">\n\t\t\t\t\t<span class='dsm_home_text_wrapper'>\n\t\t\t\t\t\t\t\t\t\t\t\t\t<span class=\"et-pb-icon dsm_home_icon\">\ue009<\/span>\n\t\t\t\t\t\t\t\t\t\t\t\t\t<span class=\"dsm_home_text\" itemprop=\"name\">\n\t\t\t\t\t\t\t\tHome\t\t\t\t\t\t\t<\/span>\n\t\t\t\t\t<\/span>\n\t\t\t\t<\/a>\n\t\t\t\t<meta itemprop=\"position\" content=\"1\" \/>\n\t\t\t<\/li>\n\n\t\t<li class=\"dsm_breadcrumbs_separator\"> <span class=\"et-pb-icon dsm_separator_icon\">5<\/span><\/li><\/ul>\n\t\t\t<\/nav>\n\t\t\t\t<\/div>\n\t\t\t<\/div> Optometrista colegiada en Oliva Soy optometrista y fundadora de Arpe \u00d3ptica, un espacio dedicado a la salud visual con un enfoque pr\u00f3ximo, cient\u00edfico y personalizado. Me apasiona mi profesi\u00f3n y mantengo un compromiso firme con la formaci\u00f3n continua, especialmente en \u00e1reas como la contactolog\u00eda avanzada, el control de la miop\u00eda y la detecci\u00f3n de patolog\u00edas visuales.Entiendo la visi\u00f3n como una parte fundamental de la calidad de vida. En Arpe \u00d3ptica, ofrecemos mucho m\u00e1s que unas gafas: ofrecemos seguimiento, prevenci\u00f3n y tratamientos personalizados para cuidar la salud ocular a lo largo de toda la vida. Formaci\u00f3n y especializaci\u00f3n Diplomada en \u00d3ptica i Optometr\u00eda \u25aa Curso de especializaci\u00f3n en lentes de contacto (2023\/2024) \u2013 Formaci\u00f3n en l\u00ednea, presencial y estancias cl\u00ednicas en Espa\u00f1a \u25aa Validaci\u00f3n peri\u00f3dica colegial por el Consejo General de Colegios de \u00d3pticos Optometristas Formaci\u00f3n complementaria \u25aa Contactolog\u00eda y actualizaciones en el control de la miop\u00eda (2025) \u25aa Enfoque pr\u00e1ctico de la diplop\u00eda en el adulto (2025) \u25aa Superficie ocular, ojo seco y lentes de contacto (2025) \u25aa Estancias cl\u00ednicas en The New England College of Optometry of Boston (2024) \u25aa Protocolo optom\u00e9trico en la detecci\u00f3n de patolog\u00edas retinianas (2023) \u25aa Rompiendo barreras en la adaptaci\u00f3n [&hellip;]<\/p>\n","protected":false},"author":1,"featured_media":0,"parent":0,"menu_order":0,"comment_status":"closed","ping_status":"closed","template":"","meta":{"_et_pb_use_builder":"on","_et_pb_old_content":"","_et_gb_content_width":"","_joinchat":[],"footnotes":""},"class_list":["post-592","page","type-page","status-publish","hentry"],"yoast_head":"<!-- This site is optimized with the Yoast SEO plugin v27.5 - https:\/\/yoast.com\/product\/yoast-seo-wordpress\/ -->\n<title>N\u00e0dia Peir\u00f3 | Optometrista en Oliva experta en salud visual<\/title>\n<meta name=\"description\" content=\"Conoce m\u00e1s sobre Arpe \u00d3ptica. N\u00e0dia Peir\u00f3 es optometrista colegiada con formaci\u00f3n en contactolog\u00eda, miop\u00eda infantil y prevenci\u00f3n visual.\" \/>\n<meta name=\"robots\" content=\"index, follow, max-snippet:-1, max-image-preview:large, max-video-preview:-1\" \/>\n<link rel=\"canonical\" href=\"https:\/\/arpeoptica.com\/es\/sobre-nosotros\/\" \/>\n<meta property=\"og:locale\" content=\"es_ES\" \/>\n<meta property=\"og:type\" content=\"article\" \/>\n<meta property=\"og:title\" content=\"N\u00e0dia Peir\u00f3 | Optometrista en Oliva experta en salud visual\" \/>\n<meta property=\"og:description\" content=\"Conoce m\u00e1s sobre Arpe \u00d3ptica. N\u00e0dia Peir\u00f3 es optometrista colegiada con formaci\u00f3n en contactolog\u00eda, miop\u00eda infantil y prevenci\u00f3n visual.\" \/>\n<meta property=\"og:url\" content=\"https:\/\/arpeoptica.com\/es\/sobre-nosotros\/\" \/>\n<meta property=\"og:site_name\" content=\"Arpe \u00d3ptica\" \/>\n<meta property=\"article:modified_time\" content=\"2025-07-23T08:36:34+00:00\" \/>\n<meta name=\"twitter:card\" content=\"summary_large_image\" \/>\n<meta name=\"twitter:label1\" content=\"Tiempo de lectura\" \/>\n\t<meta name=\"twitter:data1\" content=\"4 minutos\" \/>\n<script type=\"application\/ld+json\" class=\"yoast-schema-graph\">{\"@context\":\"https:\\\/\\\/schema.org\",\"@graph\":[{\"@type\":\"WebPage\",\"@id\":\"https:\\\/\\\/arpeoptica.com\\\/es\\\/sobre-nosotros\\\/\",\"url\":\"https:\\\/\\\/arpeoptica.com\\\/es\\\/sobre-nosotros\\\/\",\"name\":\"N\u00e0dia Peir\u00f3 | Optometrista en Oliva experta en salud visual\",\"isPartOf\":{\"@id\":\"https:\\\/\\\/arpeoptica.com\\\/es\\\/#website\"},\"datePublished\":\"2025-07-10T09:36:49+00:00\",\"dateModified\":\"2025-07-23T08:36:34+00:00\",\"description\":\"Conoce m\u00e1s sobre Arpe \u00d3ptica. N\u00e0dia Peir\u00f3 es optometrista colegiada con formaci\u00f3n en contactolog\u00eda, miop\u00eda infantil y prevenci\u00f3n visual.\",\"breadcrumb\":{\"@id\":\"https:\\\/\\\/arpeoptica.com\\\/es\\\/sobre-nosotros\\\/#breadcrumb\"},\"inLanguage\":\"es\",\"potentialAction\":[{\"@type\":\"ReadAction\",\"target\":[\"https:\\\/\\\/arpeoptica.com\\\/es\\\/sobre-nosotros\\\/\"]}]},{\"@type\":\"BreadcrumbList\",\"@id\":\"https:\\\/\\\/arpeoptica.com\\\/es\\\/sobre-nosotros\\\/#breadcrumb\",\"itemListElement\":[{\"@type\":\"ListItem\",\"position\":1,\"name\":\"Portada\",\"item\":\"https:\\\/\\\/arpeoptica.com\\\/es\\\/\"},{\"@type\":\"ListItem\",\"position\":2,\"name\":\"Sobre nosotros\"}]},{\"@type\":\"WebSite\",\"@id\":\"https:\\\/\\\/arpeoptica.com\\\/es\\\/#website\",\"url\":\"https:\\\/\\\/arpeoptica.com\\\/es\\\/\",\"name\":\"Arpe \u00d3ptica\",\"description\":\"Tu \u00f3ptica de confianza en Oliva, Valencia\",\"potentialAction\":[{\"@type\":\"SearchAction\",\"target\":{\"@type\":\"EntryPoint\",\"urlTemplate\":\"https:\\\/\\\/arpeoptica.com\\\/es\\\/?s={search_term_string}\"},\"query-input\":{\"@type\":\"PropertyValueSpecification\",\"valueRequired\":true,\"valueName\":\"search_term_string\"}}],\"inLanguage\":\"es\"}]}<\/script>\n<!-- \/ Yoast SEO plugin. -->","yoast_head_json":{"title":"N\u00e0dia Peir\u00f3 | Optometrista en Oliva experta en salud visual","description":"Conoce m\u00e1s sobre Arpe \u00d3ptica. N\u00e0dia Peir\u00f3 es optometrista colegiada con formaci\u00f3n en contactolog\u00eda, miop\u00eda infantil y prevenci\u00f3n visual.","robots":{"index":"index","follow":"follow","max-snippet":"max-snippet:-1","max-image-preview":"max-image-preview:large","max-video-preview":"max-video-preview:-1"},"canonical":"https:\/\/arpeoptica.com\/es\/sobre-nosotros\/","og_locale":"es_ES","og_type":"article","og_title":"N\u00e0dia Peir\u00f3 | Optometrista en Oliva experta en salud visual","og_description":"Conoce m\u00e1s sobre Arpe \u00d3ptica. N\u00e0dia Peir\u00f3 es optometrista colegiada con formaci\u00f3n en contactolog\u00eda, miop\u00eda infantil y prevenci\u00f3n visual.","og_url":"https:\/\/arpeoptica.com\/es\/sobre-nosotros\/","og_site_name":"Arpe \u00d3ptica","article_modified_time":"2025-07-23T08:36:34+00:00","twitter_card":"summary_large_image","twitter_misc":{"Tiempo de lectura":"4 minutos"},"schema":{"@context":"https:\/\/schema.org","@graph":[{"@type":"WebPage","@id":"https:\/\/arpeoptica.com\/es\/sobre-nosotros\/","url":"https:\/\/arpeoptica.com\/es\/sobre-nosotros\/","name":"N\u00e0dia Peir\u00f3 | Optometrista en Oliva experta en salud visual","isPartOf":{"@id":"https:\/\/arpeoptica.com\/es\/#website"},"datePublished":"2025-07-10T09:36:49+00:00","dateModified":"2025-07-23T08:36:34+00:00","description":"Conoce m\u00e1s sobre Arpe \u00d3ptica. N\u00e0dia Peir\u00f3 es optometrista colegiada con formaci\u00f3n en contactolog\u00eda, miop\u00eda infantil y prevenci\u00f3n visual.","breadcrumb":{"@id":"https:\/\/arpeoptica.com\/es\/sobre-nosotros\/#breadcrumb"},"inLanguage":"es","potentialAction":[{"@type":"ReadAction","target":["https:\/\/arpeoptica.com\/es\/sobre-nosotros\/"]}]},{"@type":"BreadcrumbList","@id":"https:\/\/arpeoptica.com\/es\/sobre-nosotros\/#breadcrumb","itemListElement":[{"@type":"ListItem","position":1,"name":"Portada","item":"https:\/\/arpeoptica.com\/es\/"},{"@type":"ListItem","position":2,"name":"Sobre nosotros"}]},{"@type":"WebSite","@id":"https:\/\/arpeoptica.com\/es\/#website","url":"https:\/\/arpeoptica.com\/es\/","name":"Arpe \u00d3ptica","description":"Tu \u00f3ptica de confianza en Oliva, Valencia","potentialAction":[{"@type":"SearchAction","target":{"@type":"EntryPoint","urlTemplate":"https:\/\/arpeoptica.com\/es\/?s={search_term_string}"},"query-input":{"@type":"PropertyValueSpecification","valueRequired":true,"valueName":"search_term_string"}}],"inLanguage":"es"}]}},"_links":{"self":[{"href":"https:\/\/arpeoptica.com\/es\/wp-json\/wp\/v2\/pages\/592","targetHints":{"allow":["GET"]}}],"collection":[{"href":"https:\/\/arpeoptica.com\/es\/wp-json\/wp\/v2\/pages"}],"about":[{"href":"https:\/\/arpeoptica.com\/es\/wp-json\/wp\/v2\/types\/page"}],"author":[{"embeddable":true,"href":"https:\/\/arpeoptica.com\/es\/wp-json\/wp\/v2\/users\/1"}],"replies":[{"embeddable":true,"href":"https:\/\/arpeoptica.com\/es\/wp-json\/wp\/v2\/comments?post=592"}],"version-history":[{"count":7,"href":"https:\/\/arpeoptica.com\/es\/wp-json\/wp\/v2\/pages\/592\/revisions"}],"predecessor-version":[{"id":716,"href":"https:\/\/arpeoptica.com\/es\/wp-json\/wp\/v2\/pages\/592\/revisions\/716"}],"wp:attachment":[{"href":"https:\/\/arpeoptica.com\/es\/wp-json\/wp\/v2\/media?parent=592"}],"curies":[{"name":"wp","href":"https:\/\/api.w.org\/{rel}","templated":true}]}}