{"id":794,"date":"2025-07-24T09:34:33","date_gmt":"2025-07-24T07:34:33","guid":{"rendered":"https:\/\/arpeoptica.com\/?page_id=794"},"modified":"2026-04-22T12:26:28","modified_gmt":"2026-04-22T10:26:28","slug":"declaracion-accessibilidad","status":"publish","type":"page","link":"https:\/\/arpeoptica.com\/es\/declaracion-accessibilidad\/","title":{"rendered":"Declaraci\u00f3n de Accessibilidad"},"content":{"rendered":"<p>[et_pb_section fb_built=\u00bb1&#8243; admin_label=\u00bbsection\u00bb _builder_version=\u00bb4.16&#8243; global_colors_info=\u00bb{}\u00bb][et_pb_row admin_label=\u00bbrow\u00bb _builder_version=\u00bb4.16&#8243; background_size=\u00bbinitial\u00bb background_position=\u00bbtop_left\u00bb background_repeat=\u00bbrepeat\u00bb custom_padding=\u00bb|||2px||\u00bb global_colors_info=\u00bb{}\u00bb][et_pb_column type=\u00bb4_4&#8243; _builder_version=\u00bb4.16&#8243; custom_padding=\u00bb|||\u00bb global_colors_info=\u00bb{}\u00bb custom_padding__hover=\u00bb|||\u00bb][et_pb_text _builder_version=\u00bb4.27.6&#8243; _module_preset=\u00bbdefault\u00bb hover_enabled=\u00bb0&#8243; global_colors_info=\u00bb{}\u00bb sticky_enabled=\u00bb0&#8243;]<\/p>\n<h2 class=\"accssme-widget-titles\">Declaraci\u00f3n de Accesibilidad<\/h2>\n<p class=\"accssme-widget-text\">La entidad Natalia Nadia Peir\u00f3 Llorca con DNI 20022314D y direcci\u00f3n fiscal C Gabriel Ciscar, 58 \u2013 46780 Oliva (Valencia), Espa\u00f1a se ha comprometido a hacer accesible su sitio web de conformidad con el Real Decreto 1112\/2018, de 7 de septiembre, sobre accesibilidad de los sitios web y aplicaciones para dispositivos m\u00f3viles del sector p\u00fablico.(Abre en nueva ventana)<\/p>\n<p class=\"accssme-widget-text\">La presente declaraci\u00f3n de accesibilidad se aplica al sitio web arpeoptica.com<\/p>\n<article class=\"acc_stat_content_detail_article accssme-widget-content\">\n<h2 class=\"accssme-widget-titles\">Situaci\u00f3n de cumplimiento<\/h2>\n<p>Este sitio web es conforme con el RD 1112\/2018 debido a que cumple todos los requisitos de accesibilidad aplicables, de acuerdo con las Pautas WCAG 2.1 nivel AA y la norma UNE-EN 301549:2022.<\/p>\n<p><strong>Contenido no accesible<\/strong><\/p>\n<p>El sitio web es parcialmente conforme.<\/p>\n<p><strong>Preparaci\u00f3n de la presente declaraci\u00f3n de accesibilidad<\/strong><\/p>\n<p>La presente declaraci\u00f3n fue preparada el 21\/04\/2026.<\/p>\n<p>El m\u00e9todo empleado para preparar la declaraci\u00f3n ha sido una autoevaluaci\u00f3n y posterior comprobaci\u00f3n con herramientas de validaci\u00f3n de accesibilidad.<\/p>\n<p><strong>Observaciones y datos de contacto<\/strong><\/p>\n<p>Puede realizar comunicaciones sobre requisitos de accesibilidad (art\u00edculo 10.2.a) del RD 1112\/2018) como por ejemplo:<\/p>\n<p>Informar sobre cualquier posible incumplimiento por parte de este sitio web.<\/p>\n<p>Transmitir otras dificultades de acceso al contenido.<\/p>\n<p>Formular cualquier otra consulta o sugerencia de mejora relativa a la accesibilidad del sitio web.<\/p>\n<p>A trav\u00e9s del siguiente <a href=\"https:\/\/arpeoptica.com\/es\/contacto\/\">p\u00e1gina de contacto<\/a>.<\/p>\n<p>Puede presentar:<\/p>\n<p>Una queja relativa al cumplimiento de los requisitos del RD 1112\/2018.<\/p>\n<p>Una solicitud de informaci\u00f3n accesible relativa a:<\/p>\n<p>Contenidos excluidos del \u00e1mbito de aplicaci\u00f3n del RD 1112\/2018 (art\u00edculo 3.4).<\/p>\n<p>Contenidos exentos del cumplimiento de los requisitos de accesibilidad por imponer una carga desproporcionada.<\/p>\n<p>En la solicitud de informaci\u00f3n accesible se debe concretar, con toda claridad, los hechos, razones y petici\u00f3n que permitan constatar que se trata de una solicitud razonable y leg\u00edtima.<\/p>\n<\/article>\n<p>[\/et_pb_text][\/et_pb_column][\/et_pb_row][\/et_pb_section]<\/p>\n","protected":false},"excerpt":{"rendered":"<p>Declaraci\u00f3n de Accesibilidad La entidad Natalia Nadia Peir\u00f3 Llorca con DNI 20022314D y direcci\u00f3n fiscal C Gabriel Ciscar, 58 \u2013 46780 Oliva (Valencia), Espa\u00f1a se ha comprometido a hacer accesible su sitio web de conformidad con el Real Decreto 1112\/2018, de 7 de septiembre, sobre accesibilidad de los sitios web y aplicaciones para dispositivos m\u00f3viles del sector p\u00fablico.(Abre en nueva ventana) La presente declaraci\u00f3n de accesibilidad se aplica al sitio web arpeoptica.com Situaci\u00f3n de cumplimiento Este sitio web es conforme con el RD 1112\/2018 debido a que cumple todos los requisitos de accesibilidad aplicables, de acuerdo con las Pautas WCAG 2.1 nivel AA y la norma UNE-EN 301549:2022. Contenido no accesible El sitio web es parcialmente conforme. Preparaci\u00f3n de la presente declaraci\u00f3n de accesibilidad La presente declaraci\u00f3n fue preparada el 21\/04\/2026. El m\u00e9todo empleado para preparar la declaraci\u00f3n ha sido una autoevaluaci\u00f3n y posterior comprobaci\u00f3n con herramientas de validaci\u00f3n de accesibilidad. Observaciones y datos de contacto Puede realizar comunicaciones sobre requisitos de accesibilidad (art\u00edculo 10.2.a) del RD 1112\/2018) como por ejemplo: Informar sobre cualquier posible incumplimiento por parte de este sitio web. Transmitir otras dificultades de acceso al contenido. Formular cualquier otra consulta o sugerencia de mejora relativa a la [&hellip;]<\/p>\n","protected":false},"author":1,"featured_media":0,"parent":0,"menu_order":0,"comment_status":"closed","ping_status":"closed","template":"","meta":{"_et_pb_use_builder":"on","_et_pb_old_content":"","_et_gb_content_width":"","_joinchat":[],"footnotes":""},"class_list":["post-794","page","type-page","status-publish","hentry"],"yoast_head":"<!-- This site is optimized with the Yoast SEO plugin v27.5 - https:\/\/yoast.com\/product\/yoast-seo-wordpress\/ -->\n<title>Declaraci\u00f3n de Accessibilidad - Arpe \u00d3ptica<\/title>\n<meta name=\"robots\" content=\"noindex, nofollow\" \/>\n<meta property=\"og:locale\" content=\"es_ES\" \/>\n<meta property=\"og:type\" content=\"article\" \/>\n<meta property=\"og:title\" content=\"Declaraci\u00f3n de Accessibilidad - Arpe \u00d3ptica\" \/>\n<meta property=\"og:description\" content=\"Declaraci\u00f3n de Accesibilidad La entidad Natalia Nadia Peir\u00f3 Llorca con DNI 20022314D y direcci\u00f3n fiscal C Gabriel Ciscar, 58 \u2013 46780 Oliva (Valencia), Espa\u00f1a se ha comprometido a hacer accesible su sitio web de conformidad con el Real Decreto 1112\/2018, de 7 de septiembre, sobre accesibilidad de los sitios web y aplicaciones para dispositivos m\u00f3viles del sector p\u00fablico.(Abre en nueva ventana) La presente declaraci\u00f3n de accesibilidad se aplica al sitio web arpeoptica.com Situaci\u00f3n de cumplimiento Este sitio web es conforme con el RD 1112\/2018 debido a que cumple todos los requisitos de accesibilidad aplicables, de acuerdo con las Pautas WCAG 2.1 nivel AA y la norma UNE-EN 301549:2022. Contenido no accesible El sitio web es parcialmente conforme. Preparaci\u00f3n de la presente declaraci\u00f3n de accesibilidad La presente declaraci\u00f3n fue preparada el 21\/04\/2026. El m\u00e9todo empleado para preparar la declaraci\u00f3n ha sido una autoevaluaci\u00f3n y posterior comprobaci\u00f3n con herramientas de validaci\u00f3n de accesibilidad. Observaciones y datos de contacto Puede realizar comunicaciones sobre requisitos de accesibilidad (art\u00edculo 10.2.a) del RD 1112\/2018) como por ejemplo: Informar sobre cualquier posible incumplimiento por parte de este sitio web. Transmitir otras dificultades de acceso al contenido. Formular cualquier otra consulta o sugerencia de mejora relativa a la [&hellip;]\" \/>\n<meta property=\"og:url\" content=\"https:\/\/arpeoptica.com\/es\/declaracion-accessibilidad\/\" \/>\n<meta property=\"og:site_name\" content=\"Arpe \u00d3ptica\" \/>\n<meta property=\"article:modified_time\" content=\"2026-04-22T10:26:28+00:00\" \/>\n<meta name=\"twitter:card\" content=\"summary_large_image\" \/>\n<meta name=\"twitter:label1\" content=\"Tiempo de lectura\" \/>\n\t<meta name=\"twitter:data1\" content=\"2 minutos\" \/>\n<script type=\"application\/ld+json\" class=\"yoast-schema-graph\">{\"@context\":\"https:\\\/\\\/schema.org\",\"@graph\":[{\"@type\":\"WebPage\",\"@id\":\"https:\\\/\\\/arpeoptica.com\\\/es\\\/declaracion-accessibilidad\\\/\",\"url\":\"https:\\\/\\\/arpeoptica.com\\\/es\\\/declaracion-accessibilidad\\\/\",\"name\":\"Declaraci\u00f3n de Accessibilidad - Arpe \u00d3ptica\",\"isPartOf\":{\"@id\":\"https:\\\/\\\/arpeoptica.com\\\/es\\\/#website\"},\"datePublished\":\"2025-07-24T07:34:33+00:00\",\"dateModified\":\"2026-04-22T10:26:28+00:00\",\"breadcrumb\":{\"@id\":\"https:\\\/\\\/arpeoptica.com\\\/es\\\/declaracion-accessibilidad\\\/#breadcrumb\"},\"inLanguage\":\"es\",\"potentialAction\":[{\"@type\":\"ReadAction\",\"target\":[\"https:\\\/\\\/arpeoptica.com\\\/es\\\/declaracion-accessibilidad\\\/\"]}]},{\"@type\":\"BreadcrumbList\",\"@id\":\"https:\\\/\\\/arpeoptica.com\\\/es\\\/declaracion-accessibilidad\\\/#breadcrumb\",\"itemListElement\":[{\"@type\":\"ListItem\",\"position\":1,\"name\":\"Portada\",\"item\":\"https:\\\/\\\/arpeoptica.com\\\/es\\\/\"},{\"@type\":\"ListItem\",\"position\":2,\"name\":\"Declaraci\u00f3n de Accessibilidad\"}]},{\"@type\":\"WebSite\",\"@id\":\"https:\\\/\\\/arpeoptica.com\\\/es\\\/#website\",\"url\":\"https:\\\/\\\/arpeoptica.com\\\/es\\\/\",\"name\":\"Arpe \u00d3ptica\",\"description\":\"Tu \u00f3ptica de confianza en Oliva, Valencia\",\"potentialAction\":[{\"@type\":\"SearchAction\",\"target\":{\"@type\":\"EntryPoint\",\"urlTemplate\":\"https:\\\/\\\/arpeoptica.com\\\/es\\\/?s={search_term_string}\"},\"query-input\":{\"@type\":\"PropertyValueSpecification\",\"valueRequired\":true,\"valueName\":\"search_term_string\"}}],\"inLanguage\":\"es\"}]}<\/script>\n<!-- \/ Yoast SEO plugin. -->","yoast_head_json":{"title":"Declaraci\u00f3n de Accessibilidad - Arpe \u00d3ptica","robots":{"index":"noindex","follow":"nofollow"},"og_locale":"es_ES","og_type":"article","og_title":"Declaraci\u00f3n de Accessibilidad - Arpe \u00d3ptica","og_description":"Declaraci\u00f3n de Accesibilidad La entidad Natalia Nadia Peir\u00f3 Llorca con DNI 20022314D y direcci\u00f3n fiscal C Gabriel Ciscar, 58 \u2013 46780 Oliva (Valencia), Espa\u00f1a se ha comprometido a hacer accesible su sitio web de conformidad con el Real Decreto 1112\/2018, de 7 de septiembre, sobre accesibilidad de los sitios web y aplicaciones para dispositivos m\u00f3viles del sector p\u00fablico.(Abre en nueva ventana) La presente declaraci\u00f3n de accesibilidad se aplica al sitio web arpeoptica.com Situaci\u00f3n de cumplimiento Este sitio web es conforme con el RD 1112\/2018 debido a que cumple todos los requisitos de accesibilidad aplicables, de acuerdo con las Pautas WCAG 2.1 nivel AA y la norma UNE-EN 301549:2022. Contenido no accesible El sitio web es parcialmente conforme. Preparaci\u00f3n de la presente declaraci\u00f3n de accesibilidad La presente declaraci\u00f3n fue preparada el 21\/04\/2026. El m\u00e9todo empleado para preparar la declaraci\u00f3n ha sido una autoevaluaci\u00f3n y posterior comprobaci\u00f3n con herramientas de validaci\u00f3n de accesibilidad. Observaciones y datos de contacto Puede realizar comunicaciones sobre requisitos de accesibilidad (art\u00edculo 10.2.a) del RD 1112\/2018) como por ejemplo: Informar sobre cualquier posible incumplimiento por parte de este sitio web. Transmitir otras dificultades de acceso al contenido. Formular cualquier otra consulta o sugerencia de mejora relativa a la [&hellip;]","og_url":"https:\/\/arpeoptica.com\/es\/declaracion-accessibilidad\/","og_site_name":"Arpe \u00d3ptica","article_modified_time":"2026-04-22T10:26:28+00:00","twitter_card":"summary_large_image","twitter_misc":{"Tiempo de lectura":"2 minutos"},"schema":{"@context":"https:\/\/schema.org","@graph":[{"@type":"WebPage","@id":"https:\/\/arpeoptica.com\/es\/declaracion-accessibilidad\/","url":"https:\/\/arpeoptica.com\/es\/declaracion-accessibilidad\/","name":"Declaraci\u00f3n de Accessibilidad - Arpe \u00d3ptica","isPartOf":{"@id":"https:\/\/arpeoptica.com\/es\/#website"},"datePublished":"2025-07-24T07:34:33+00:00","dateModified":"2026-04-22T10:26:28+00:00","breadcrumb":{"@id":"https:\/\/arpeoptica.com\/es\/declaracion-accessibilidad\/#breadcrumb"},"inLanguage":"es","potentialAction":[{"@type":"ReadAction","target":["https:\/\/arpeoptica.com\/es\/declaracion-accessibilidad\/"]}]},{"@type":"BreadcrumbList","@id":"https:\/\/arpeoptica.com\/es\/declaracion-accessibilidad\/#breadcrumb","itemListElement":[{"@type":"ListItem","position":1,"name":"Portada","item":"https:\/\/arpeoptica.com\/es\/"},{"@type":"ListItem","position":2,"name":"Declaraci\u00f3n de Accessibilidad"}]},{"@type":"WebSite","@id":"https:\/\/arpeoptica.com\/es\/#website","url":"https:\/\/arpeoptica.com\/es\/","name":"Arpe \u00d3ptica","description":"Tu \u00f3ptica de confianza en Oliva, Valencia","potentialAction":[{"@type":"SearchAction","target":{"@type":"EntryPoint","urlTemplate":"https:\/\/arpeoptica.com\/es\/?s={search_term_string}"},"query-input":{"@type":"PropertyValueSpecification","valueRequired":true,"valueName":"search_term_string"}}],"inLanguage":"es"}]}},"_links":{"self":[{"href":"https:\/\/arpeoptica.com\/es\/wp-json\/wp\/v2\/pages\/794","targetHints":{"allow":["GET"]}}],"collection":[{"href":"https:\/\/arpeoptica.com\/es\/wp-json\/wp\/v2\/pages"}],"about":[{"href":"https:\/\/arpeoptica.com\/es\/wp-json\/wp\/v2\/types\/page"}],"author":[{"embeddable":true,"href":"https:\/\/arpeoptica.com\/es\/wp-json\/wp\/v2\/users\/1"}],"replies":[{"embeddable":true,"href":"https:\/\/arpeoptica.com\/es\/wp-json\/wp\/v2\/comments?post=794"}],"version-history":[{"count":10,"href":"https:\/\/arpeoptica.com\/es\/wp-json\/wp\/v2\/pages\/794\/revisions"}],"predecessor-version":[{"id":865,"href":"https:\/\/arpeoptica.com\/es\/wp-json\/wp\/v2\/pages\/794\/revisions\/865"}],"wp:attachment":[{"href":"https:\/\/arpeoptica.com\/es\/wp-json\/wp\/v2\/media?parent=794"}],"curies":[{"name":"wp","href":"https:\/\/api.w.org\/{rel}","templated":true}]}}